{"id":3015,"date":"2023-01-09T18:10:39","date_gmt":"2023-01-09T18:10:39","guid":{"rendered":"https:\/\/grupoberna.com\/kontakt\/"},"modified":"2026-03-09T20:00:14","modified_gmt":"2026-03-09T20:00:14","slug":"kontakt","status":"publish","type":"page","link":"https:\/\/grupoberna.info\/de\/kontakt\/","title":{"rendered":"Kontakt"},"content":{"rendered":"<p><div class=\"fusion-fullwidth fullwidth-box fusion-builder-row-1 fusion-flex-container has-pattern-background has-mask-background fusion-parallax-none hundred-percent-fullwidth non-hundred-percent-height-scrolling lazyload\" style=\"--awb-background-position:center top;--awb-border-sizes-top:0;--awb-border-sizes-left:0;--awb-border-sizes-right:0;--awb-border-color:#ffffff;--awb-border-radius-top-left:0px;--awb-border-radius-top-right:0px;--awb-border-radius-bottom-right:0px;--awb-border-radius-bottom-left:0px;--awb-padding-top:10vw;--awb-padding-right:4vw;--awb-padding-bottom:10vw;--awb-padding-left:4vw;--awb-padding-bottom-medium:8vw;--awb-padding-bottom-small:14vw;--awb-margin-bottom:0px;--awb-background-color:rgba(255,255,255,0);--awb-background-image:linear-gradient(180deg, rgba(0,0,0,0.59) 47%,rgba(255,252,252,0) 100%);;--awb-background-size:cover;\" data-bg=\"https:\/\/grupoberna.info\/wp-content\/uploads\/2023\/02\/Imagen-0041.jpg\" data-bg-gradient=\"linear-gradient(180deg, rgba(0,0,0,0.59) 47%,rgba(255,252,252,0) 100%)\" ><div class=\"fusion-builder-row fusion-row fusion-flex-align-items-center fusion-flex-justify-content-center\" style=\"width:105% !important;max-width:105% !important;margin-left: calc(-5% \/ 2 );margin-right: calc(-5% \/ 2 );\"><div class=\"fusion-layout-column fusion_builder_column fusion-builder-column-0 fusion_builder_column_2_3 2_3 fusion-flex-column fusion-animated\" style=\"--awb-bg-size:cover;--awb-width-large:66.666666666667%;--awb-margin-top-large:0px;--awb-spacing-right-large:7.125%;--awb-margin-bottom-large:0px;--awb-spacing-left-large:3.5625%;--awb-width-medium:66.666666666667%;--awb-spacing-right-medium:7.125%;--awb-spacing-left-medium:3.5625%;--awb-width-small:100%;--awb-spacing-right-small:2.375%;--awb-spacing-left-small:2.375%;\" data-animationType=\"fadeInUp\" data-animationDuration=\"1.3\" data-animationOffset=\"top-into-view\"><div class=\"fusion-column-wrapper fusion-column-has-shadow fusion-flex-justify-content-center fusion-content-layout-column\"><div class=\"fusion-title title fusion-title-1 fusion-sep-none fusion-title-center fusion-title-text fusion-title-size-one\" style=\"--awb-text-color:#ffffff;--awb-font-size:50px;\"><h1 class=\"title-heading-center\" style=\"margin:0;font-size:1em;\">Kontakt<\/h1><\/div><div class=\"fusion-text fusion-text-1\" style=\"--awb-content-alignment:left;--awb-font-size:22px;--awb-letter-spacing:3px;--awb-text-color:#ffffff;\"><p style=\"text-align: center;\">BERNA GRUPPE<\/p>\n<\/div><\/div><\/div><\/div><\/div><div class=\"fusion-fullwidth fullwidth-box fusion-builder-row-2 fusion-flex-container has-pattern-background has-mask-background hundred-percent-fullwidth non-hundred-percent-height-scrolling\" style=\"--awb-background-position:center top;--awb-background-repeat:repeat-x;--awb-border-sizes-left:3vw;--awb-border-sizes-right:3vw;--awb-border-color:#ffffff;--awb-border-radius-top-left:0px;--awb-border-radius-top-right:0px;--awb-border-radius-bottom-right:0px;--awb-border-radius-bottom-left:0px;--awb-padding-top:3vw;--awb-padding-right:7vw;--awb-padding-bottom:10vw;--awb-padding-left:7vw;--awb-padding-bottom-medium:8vw;--awb-padding-bottom-small:14vw;--awb-margin-bottom:0px;--awb-background-color:#016193;\" ><div class=\"fusion-builder-row fusion-row fusion-flex-align-items-stretch\" style=\"width:calc( 100% + 7vw ) !important;max-width:calc( 100% + 7vw ) !important;margin-left: calc(-7vw \/ 2 );margin-right: calc(-7vw \/ 2 );\"><div class=\"fusion-layout-column fusion_builder_column fusion-builder-column-1 fusion_builder_column_3_5 3_5 fusion-flex-column fusion-animated\" style=\"--awb-bg-size:cover;--awb-width-large:60%;--awb-margin-top-large:0px;--awb-spacing-right-large:calc( 0.083333333333333 * calc( 100% - 7vw ) );--awb-margin-bottom-large:0px;--awb-spacing-left-large:3.5vw;--awb-width-medium:60%;--awb-spacing-right-medium:calc( 0.083333333333333 * calc( 100% - 7vw ) );--awb-spacing-left-medium:3.5vw;--awb-width-small:100%;--awb-spacing-right-small:3.5vw;--awb-margin-bottom-small:9vw;--awb-spacing-left-small:3.5vw;\" data-animationType=\"fadeInUp\" data-animationDuration=\"1.3\" data-animationOffset=\"top-into-view\"><div class=\"fusion-column-wrapper fusion-column-has-shadow fusion-flex-justify-content-center fusion-content-layout-column\">\n<div class=\"wpcf7 no-js\" id=\"wpcf7-f2680-o1\" lang=\"es-ES\" dir=\"ltr\">\n<div class=\"screen-reader-response\"><p role=\"status\" aria-live=\"polite\" aria-atomic=\"true\"><\/p> <ul><\/ul><\/div>\n<form action=\"\/de\/wp-json\/wp\/v2\/pages\/3015#wpcf7-f2680-o1\" method=\"post\" class=\"wpcf7-form init\" aria-label=\"Formulario de contacto\" novalidate=\"novalidate\" data-status=\"init\">\n<div style=\"display: none;\">\n<input type=\"hidden\" name=\"_wpcf7\" value=\"2680\" \/>\n<input type=\"hidden\" name=\"_wpcf7_version\" value=\"5.8.3\" \/>\n<input type=\"hidden\" name=\"_wpcf7_locale\" value=\"es_ES\" \/>\n<input type=\"hidden\" name=\"_wpcf7_unit_tag\" value=\"wpcf7-f2680-o1\" \/>\n<input type=\"hidden\" name=\"_wpcf7_container_post\" value=\"0\" \/>\n<input type=\"hidden\" name=\"_wpcf7_posted_data_hash\" value=\"\" \/>\n<input type=\"hidden\" name=\"_wpcf7_recaptcha_response\" value=\"\" \/>\n<\/div>\n<p><label> Tu nombre<br \/>\n<span class=\"wpcf7-form-control-wrap\" data-name=\"your-name\"><input size=\"40\" class=\"wpcf7-form-control wpcf7-text wpcf7-validates-as-required\" autocomplete=\"name\" aria-required=\"true\" aria-invalid=\"false\" value=\"\" type=\"text\" name=\"your-name\" \/><\/span> <\/label>\n<\/p>\n<p><label> Tu correo electr\u00f3nico<br \/>\n<span class=\"wpcf7-form-control-wrap\" data-name=\"your-email\"><input size=\"40\" class=\"wpcf7-form-control wpcf7-email wpcf7-validates-as-required wpcf7-text wpcf7-validates-as-email\" autocomplete=\"email\" aria-required=\"true\" aria-invalid=\"false\" value=\"\" type=\"email\" name=\"your-email\" \/><\/span> <\/label>\n<\/p>\n<p><label> Asunto<br \/>\n<span class=\"wpcf7-form-control-wrap\" data-name=\"your-subject\"><input size=\"40\" class=\"wpcf7-form-control wpcf7-text wpcf7-validates-as-required\" aria-required=\"true\" aria-invalid=\"false\" value=\"\" type=\"text\" name=\"your-subject\" \/><\/span> <\/label>\n<\/p>\n<p><label> Tu mensaje (opcional)<br \/>\n<span class=\"wpcf7-form-control-wrap\" data-name=\"your-message\"><textarea cols=\"40\" rows=\"10\" class=\"wpcf7-form-control wpcf7-textarea\" aria-invalid=\"false\" name=\"your-message\"><\/textarea><\/span> <\/label><br \/>\n<span id=\"wpcf7-69e8ee5440716-wrapper\" class=\"wpcf7-form-control-wrap honeypot-167-wrap\" style=\"display:none !important; visibility:hidden !important;\"><label for=\"wpcf7-69e8ee5440716-field\" class=\"hp-message\">Por favor, deja este campo vac\u00edo.<\/label><input id=\"wpcf7-69e8ee5440716-field\"  class=\"wpcf7-form-control wpcf7-text\" type=\"text\" name=\"honeypot-167\" value=\"\" size=\"40\" tabindex=\"-1\" autocomplete=\"new-password\" \/><\/span><br \/>\n<br \/>\n<input class=\"wpcf7-form-control wpcf7-submit has-spinner\" type=\"submit\" value=\"Enviar\" \/>\n<\/p><p style=\"display: none !important;\"><label>&#916;<textarea name=\"_wpcf7_ak_hp_textarea\" cols=\"45\" rows=\"8\" maxlength=\"100\"><\/textarea><\/label><input type=\"hidden\" id=\"ak_js_1\" name=\"_wpcf7_ak_js\" value=\"166\"\/><script>document.getElementById( \"ak_js_1\" ).setAttribute( \"value\", ( new Date() ).getTime() );<\/script><\/p><div class=\"fusion-alert alert custom alert-custom fusion-alert-center wpcf7-response-output alert-dismissable\" style=\"--awb-border-size:1px;\" role=\"alert\"><div class=\"fusion-alert-content-wrapper\"><span class=\"fusion-alert-content\"><\/span><\/div><button type=\"button\" class=\"close toggle-alert\" data-dismiss=\"alert\" aria-label=\"Close\">&times;<\/button><\/div>\n<\/form>\n<\/div>\n<\/div><\/div><div class=\"fusion-layout-column fusion_builder_column fusion-builder-column-2 fusion_builder_column_2_5 2_5 fusion-flex-column fusion-animated\" style=\"--awb-bg-size:cover;--awb-width-large:40%;--awb-margin-top-large:0px;--awb-spacing-right-large:calc( 0.125 * calc( 100% - 7vw ) );--awb-margin-bottom-large:0px;--awb-spacing-left-large:3.5vw;--awb-width-medium:40%;--awb-spacing-right-medium:calc( 0.125 * calc( 100% - 7vw ) );--awb-spacing-left-medium:3.5vw;--awb-width-small:100%;--awb-spacing-right-small:3.5vw;--awb-spacing-left-small:3.5vw;\" data-animationType=\"fadeInUp\" data-animationDuration=\"1.3\" data-animationOffset=\"top-into-view\"><div class=\"fusion-column-wrapper fusion-column-has-shadow fusion-flex-justify-content-center fusion-content-layout-column\"><div class=\"fusion-text fusion-text-2\" style=\"--awb-content-alignment:left;--awb-font-size:14px;--awb-letter-spacing:3px;--awb-text-color:#ffffff;\"><p>BERNINA GRUPPE<\/p>\n<\/div><div class=\"fusion-image-element \" style=\"--awb-caption-title-size:var(--h2_typography-font-size);--awb-caption-title-transform:var(--h2_typography-text-transform);--awb-caption-title-line-height:var(--h2_typography-line-height);--awb-caption-title-letter-spacing:var(--h2_typography-letter-spacing);\"><span class=\" fusion-imageframe imageframe-none imageframe-1 hover-type-none\"><img decoding=\"async\" width=\"223\" height=\"120\" title=\"logotip-grupo-berna-footer\" src=\"https:\/\/grupoberna.info\/wp-content\/uploads\/2022\/12\/logotip-grupo-berna-footer.png\" data-orig-src=\"https:\/\/grupoberna.info\/wp-content\/uploads\/2022\/12\/logotip-grupo-berna-footer.png\" alt class=\"lazyload img-responsive wp-image-2874\" srcset=\"data:image\/svg+xml,%3Csvg%20xmlns%3D%27http%3A%2F%2Fwww.w3.org%2F2000%2Fsvg%27%20width%3D%27223%27%20height%3D%27120%27%20viewBox%3D%270%200%20223%20120%27%3E%3Crect%20width%3D%27223%27%20height%3D%27120%27%20fill-opacity%3D%220%22%2F%3E%3C%2Fsvg%3E\" data-srcset=\"https:\/\/grupoberna.info\/wp-content\/uploads\/2022\/12\/logotip-grupo-berna-footer-200x108.png 200w, https:\/\/grupoberna.info\/wp-content\/uploads\/2022\/12\/logotip-grupo-berna-footer.png 223w\" data-sizes=\"auto\" data-orig-sizes=\"(max-width: 700px) 100vw, 223px\" \/><\/span><\/div><div class=\"fusion-text fusion-text-3\" style=\"--awb-content-alignment:left;--awb-font-size:17px;--awb-text-color:#ffffff;\"><p><strong>Mail: <\/strong>info@grupoberna.info<\/p>\n<p><b>Telefon und WhatApp:<\/b> +34 678 66 91 44<\/p>\n<\/div><\/div><\/div><\/div><\/div><div class=\"fusion-fullwidth fullwidth-box fusion-builder-row-3 fusion-flex-container nonhundred-percent-fullwidth non-hundred-percent-height-scrolling\" style=\"--awb-border-radius-top-left:0px;--awb-border-radius-top-right:0px;--awb-border-radius-bottom-right:0px;--awb-border-radius-bottom-left:0px;--awb-padding-top:7vw;--awb-padding-bottom:6vw;--awb-padding-right-small:12vw;--awb-padding-bottom-small:12vw;--awb-padding-left-small:12vw;\" ><div class=\"fusion-builder-row fusion-row fusion-flex-align-items-flex-start\" style=\"max-width:1365px;margin-left: calc(-5% \/ 2 );margin-right: calc(-5% \/ 2 );\"><div class=\"fusion-layout-column fusion_builder_column fusion-builder-column-3 fusion_builder_column_1_3 1_3 fusion-flex-column\" style=\"--awb-bg-size:cover;--awb-width-large:33.333333333333%;--awb-margin-top-large:0px;--awb-spacing-right-large:5.7%;--awb-margin-bottom-large:0px;--awb-spacing-left-large:7.125%;--awb-width-medium:33.333333333333%;--awb-order-medium:0;--awb-spacing-right-medium:5.7%;--awb-spacing-left-medium:7.125%;--awb-width-small:100%;--awb-order-small:0;--awb-spacing-right-small:2.375%;--awb-spacing-left-small:2.375%;\"><div class=\"fusion-column-wrapper fusion-column-has-shadow fusion-flex-justify-content-flex-start fusion-content-layout-column\"><div class=\"fusion-title title fusion-title-2 fusion-sep-none fusion-title-text fusion-title-size-three\" style=\"--awb-font-size:41px;\"><h3 class=\"title-heading-left\" style=\"margin:0;font-size:1em;line-height:1.3em;\"><p style=\"text-align: center;\">Bei <strong data-start=\"423\" data-end=\"438\">Grupo Berna Mallorca verwalten wir <strong data-start=\"451\" data-end=\"515\"><a href=\"https:\/\/grupoberna.info\/de\/apartments\/\">Ferienwohnungen<\/a> und Ferienh\u00e4user auf <a href=\"https:\/\/es.wikiloc.com\/wikiloc\/map.do?sw=38.97924901376834%2C1.96006715297699&amp;ne=39.773272854260505%2C3.53385865688324&amp;act=47&amp;page=1\">Mallorca<\/a><\/strong> und bieten Unterk\u00fcnfte f\u00fcr diejenigen, die <strong data-start=\"570\" data-end=\"610\">Privatsph\u00e4re, Unabh\u00e4ngigkeit und Flexibilit\u00e4t<\/strong> au\u00dferhalb des traditionellen Hotelmodells suchen!<\/strong><\/p><\/h3><\/div><\/div><\/div><div class=\"fusion-layout-column fusion_builder_column fusion-builder-column-4 fusion_builder_column_1_3 1_3 fusion-flex-column\" style=\"--awb-padding-top:10px;--awb-bg-size:cover;--awb-width-large:33.333333333333%;--awb-margin-top-large:0px;--awb-spacing-right-large:5.7%;--awb-margin-bottom-large:0px;--awb-spacing-left-large:5.7%;--awb-width-medium:33.333333333333%;--awb-spacing-right-medium:5.7%;--awb-spacing-left-medium:5.7%;--awb-width-small:100%;--awb-spacing-right-small:2.375%;--awb-spacing-left-small:2.375%;\"><div class=\"fusion-column-wrapper fusion-flex-justify-content-flex-start fusion-content-layout-column\"><div class=\"fusion-text fusion-text-4\"><p data-start=\"652\" data-end=\"897\">Unsere Unterkunft <strong data-start=\"674\" data-end=\"732\">verf\u00fcgt nicht \u00fcber eine Rezeption oder Hoteldienstleistungen<\/strong> (wie t\u00e4gliche Reinigung, st\u00e4ndige Betreuung vor Ort oder Verpflegung). Jeder Aufenthalt wird unabh\u00e4ngig entwickelt, wobei die private Nutzung des Grundst\u00fccks respektiert wird. <\/p>\n<p data-start=\"899\" data-end=\"1170\">W\u00e4hrend Ihres Aufenthalts steht Ihnen jedoch <strong data-start=\"948\" data-end=\"991\">ein professionelles Team vor Ort zur Seite<\/strong>, das sich um <strong data-start=\"1017\" data-end=\"1064\">Probleme mit der Unterkunft<\/strong> k\u00fcmmert, betriebliche Fragen kl\u00e4rt und <strong data-start=\"1136\" data-end=\"1169\">auf Wunsch des Gastes allgemeine Informationen \u00fcber die Gegend bereitstellt .<\/strong> Grpo Berna Mallorca ist immer f\u00fcr Sie da.<\/p>\n<\/div><\/div><\/div><div class=\"fusion-layout-column fusion_builder_column fusion-builder-column-5 fusion_builder_column_1_3 1_3 fusion-flex-column\" style=\"--awb-padding-top:10px;--awb-bg-size:cover;--awb-width-large:33.333333333333%;--awb-margin-top-large:0px;--awb-spacing-right-large:7.125%;--awb-margin-bottom-large:0px;--awb-spacing-left-large:5.7%;--awb-width-medium:33.333333333333%;--awb-spacing-right-medium:7.125%;--awb-spacing-left-medium:5.7%;--awb-width-small:100%;--awb-spacing-right-small:2.375%;--awb-spacing-left-small:2.375%;\"><div class=\"fusion-column-wrapper fusion-flex-justify-content-flex-start fusion-content-layout-column\"><div class=\"fusion-text fusion-text-5\"><p>Bei Grupo Berna setzen wir uns f\u00fcr nachhaltigen Tourismus ein. Wir sind umweltbewusst und arbeiten daran, die Auswirkungen unserer Einrichtungen auf den Planeten so weit wie m\u00f6glich zu reduzieren. Wir m\u00f6chten, dass unsere Kunden das Gef\u00fchl haben, dass sie sich an einem Ort befinden, der sich f\u00fcr ein nachhaltiges Management ihrer Aktivit\u00e4ten einsetzt.<\/p>\n<\/div><\/div><\/div><\/div><\/div><\/p>\n","protected":false},"excerpt":{"rendered":"","protected":false},"author":1,"featured_media":0,"parent":0,"menu_order":0,"comment_status":"closed","ping_status":"closed","template":"100-width.php","meta":{"footnotes":""},"class_list":["post-3015","page","type-page","status-publish","hentry"],"yoast_head":"<!-- This site is optimized with the Yoast SEO plugin v21.5 - https:\/\/yoast.com\/wordpress\/plugins\/seo\/ -->\n<title>Gruppe Berna Mallorca<\/title>\n<meta name=\"description\" content=\"Grupo Berna Mallorca. Wir sind stets f\u00fcr unsere G\u00e4ste da, wenn sie w\u00e4hrend ihres Aufenthalts in unseren Unterk\u00fcnften Hilfe ben\u00f6tigen.\" \/>\n<meta name=\"robots\" content=\"index, follow, max-snippet:-1, max-image-preview:large, max-video-preview:-1\" \/>\n<link rel=\"canonical\" href=\"https:\/\/grupoberna.info\/de\/kontakt\/\" \/>\n<meta property=\"og:locale\" content=\"de_DE\" \/>\n<meta property=\"og:type\" content=\"article\" \/>\n<meta property=\"og:title\" content=\"Gruppe Berna Mallorca\" \/>\n<meta property=\"og:description\" content=\"Grupo Berna Mallorca. Wir sind stets f\u00fcr unsere G\u00e4ste da, wenn sie w\u00e4hrend ihres Aufenthalts in unseren Unterk\u00fcnften Hilfe ben\u00f6tigen.\" \/>\n<meta property=\"og:url\" content=\"https:\/\/grupoberna.info\/de\/kontakt\/\" \/>\n<meta property=\"og:site_name\" content=\"Apartamentos tur\u00edsticos y viviendas vacacionales\" \/>\n<meta property=\"article:publisher\" content=\"https:\/\/es-es.facebook.com\/grupobernacoloniadesantjordi\/\" \/>\n<meta property=\"article:modified_time\" content=\"2026-03-09T20:00:14+00:00\" \/>\n<meta name=\"twitter:card\" content=\"summary_large_image\" \/>\n<meta name=\"twitter:label1\" content=\"Gesch\u00e4tzte Lesezeit\" \/>\n\t<meta name=\"twitter:data1\" content=\"4\u00a0Minuten\" \/>\n<script type=\"application\/ld+json\" class=\"yoast-schema-graph\">{\"@context\":\"https:\/\/schema.org\",\"@graph\":[{\"@type\":\"WebPage\",\"@id\":\"https:\/\/grupoberna.info\/de\/kontakt\/\",\"url\":\"https:\/\/grupoberna.info\/de\/kontakt\/\",\"name\":\"Gruppe Berna Mallorca\",\"isPartOf\":{\"@id\":\"https:\/\/grupoberna.info\/#website\"},\"datePublished\":\"2023-01-09T18:10:39+00:00\",\"dateModified\":\"2026-03-09T20:00:14+00:00\",\"description\":\"Grupo Berna Mallorca. Wir sind stets f\u00fcr unsere G\u00e4ste da, wenn sie w\u00e4hrend ihres Aufenthalts in unseren Unterk\u00fcnften Hilfe ben\u00f6tigen.\",\"breadcrumb\":{\"@id\":\"https:\/\/grupoberna.info\/de\/kontakt\/#breadcrumb\"},\"inLanguage\":\"de\",\"potentialAction\":[{\"@type\":\"ReadAction\",\"target\":[\"https:\/\/grupoberna.info\/de\/kontakt\/\"]}]},{\"@type\":\"BreadcrumbList\",\"@id\":\"https:\/\/grupoberna.info\/de\/kontakt\/#breadcrumb\",\"itemListElement\":[{\"@type\":\"ListItem\",\"position\":1,\"name\":\"Portada\",\"item\":\"https:\/\/grupoberna.info\/de\/ferienwohnungen-und-ferienhauser-grupo-berna\/\"},{\"@type\":\"ListItem\",\"position\":2,\"name\":\"Kontakt\"}]},{\"@type\":\"WebSite\",\"@id\":\"https:\/\/grupoberna.info\/#website\",\"url\":\"https:\/\/grupoberna.info\/\",\"name\":\"Apartamentos tur\u00edsticos y viviendas vacacionales\",\"description\":\"Apartamentos y villas | Es Trenc - Mallorca -Espa\u00f1a\",\"publisher\":{\"@id\":\"https:\/\/grupoberna.info\/#organization\"},\"potentialAction\":[{\"@type\":\"SearchAction\",\"target\":{\"@type\":\"EntryPoint\",\"urlTemplate\":\"https:\/\/grupoberna.info\/?s={search_term_string}\"},\"query-input\":\"required name=search_term_string\"}],\"inLanguage\":\"de\"},{\"@type\":\"Organization\",\"@id\":\"https:\/\/grupoberna.info\/#organization\",\"name\":\"Apartamentos tur\u00edsticos y viviendas vacacionales\",\"url\":\"https:\/\/grupoberna.info\/\",\"logo\":{\"@type\":\"ImageObject\",\"inLanguage\":\"de\",\"@id\":\"https:\/\/grupoberna.info\/#\/schema\/logo\/image\/\",\"url\":\"https:\/\/grupoberna.info\/wp-content\/uploads\/2021\/08\/Grupo-berna-azul.png\",\"contentUrl\":\"https:\/\/grupoberna.info\/wp-content\/uploads\/2021\/08\/Grupo-berna-azul.png\",\"width\":274,\"height\":120,\"caption\":\"Apartamentos tur\u00edsticos y viviendas vacacionales\"},\"image\":{\"@id\":\"https:\/\/grupoberna.info\/#\/schema\/logo\/image\/\"},\"sameAs\":[\"https:\/\/es-es.facebook.com\/grupobernacoloniadesantjordi\/\",\"https:\/\/www.instagram.com\/grupo_berna\/\"]}]}<\/script>\n<!-- \/ Yoast SEO plugin. -->","yoast_head_json":{"title":"Gruppe Berna Mallorca","description":"Grupo Berna Mallorca. Wir sind stets f\u00fcr unsere G\u00e4ste da, wenn sie w\u00e4hrend ihres Aufenthalts in unseren Unterk\u00fcnften Hilfe ben\u00f6tigen.","robots":{"index":"index","follow":"follow","max-snippet":"max-snippet:-1","max-image-preview":"max-image-preview:large","max-video-preview":"max-video-preview:-1"},"canonical":"https:\/\/grupoberna.info\/de\/kontakt\/","og_locale":"de_DE","og_type":"article","og_title":"Gruppe Berna Mallorca","og_description":"Grupo Berna Mallorca. Wir sind stets f\u00fcr unsere G\u00e4ste da, wenn sie w\u00e4hrend ihres Aufenthalts in unseren Unterk\u00fcnften Hilfe ben\u00f6tigen.","og_url":"https:\/\/grupoberna.info\/de\/kontakt\/","og_site_name":"Apartamentos tur\u00edsticos y viviendas vacacionales","article_publisher":"https:\/\/es-es.facebook.com\/grupobernacoloniadesantjordi\/","article_modified_time":"2026-03-09T20:00:14+00:00","twitter_card":"summary_large_image","twitter_misc":{"Gesch\u00e4tzte Lesezeit":"4\u00a0Minuten"},"schema":{"@context":"https:\/\/schema.org","@graph":[{"@type":"WebPage","@id":"https:\/\/grupoberna.info\/de\/kontakt\/","url":"https:\/\/grupoberna.info\/de\/kontakt\/","name":"Gruppe Berna Mallorca","isPartOf":{"@id":"https:\/\/grupoberna.info\/#website"},"datePublished":"2023-01-09T18:10:39+00:00","dateModified":"2026-03-09T20:00:14+00:00","description":"Grupo Berna Mallorca. Wir sind stets f\u00fcr unsere G\u00e4ste da, wenn sie w\u00e4hrend ihres Aufenthalts in unseren Unterk\u00fcnften Hilfe ben\u00f6tigen.","breadcrumb":{"@id":"https:\/\/grupoberna.info\/de\/kontakt\/#breadcrumb"},"inLanguage":"de","potentialAction":[{"@type":"ReadAction","target":["https:\/\/grupoberna.info\/de\/kontakt\/"]}]},{"@type":"BreadcrumbList","@id":"https:\/\/grupoberna.info\/de\/kontakt\/#breadcrumb","itemListElement":[{"@type":"ListItem","position":1,"name":"Portada","item":"https:\/\/grupoberna.info\/de\/ferienwohnungen-und-ferienhauser-grupo-berna\/"},{"@type":"ListItem","position":2,"name":"Kontakt"}]},{"@type":"WebSite","@id":"https:\/\/grupoberna.info\/#website","url":"https:\/\/grupoberna.info\/","name":"Apartamentos tur\u00edsticos y viviendas vacacionales","description":"Apartamentos y villas | Es Trenc - Mallorca -Espa\u00f1a","publisher":{"@id":"https:\/\/grupoberna.info\/#organization"},"potentialAction":[{"@type":"SearchAction","target":{"@type":"EntryPoint","urlTemplate":"https:\/\/grupoberna.info\/?s={search_term_string}"},"query-input":"required name=search_term_string"}],"inLanguage":"de"},{"@type":"Organization","@id":"https:\/\/grupoberna.info\/#organization","name":"Apartamentos tur\u00edsticos y viviendas vacacionales","url":"https:\/\/grupoberna.info\/","logo":{"@type":"ImageObject","inLanguage":"de","@id":"https:\/\/grupoberna.info\/#\/schema\/logo\/image\/","url":"https:\/\/grupoberna.info\/wp-content\/uploads\/2021\/08\/Grupo-berna-azul.png","contentUrl":"https:\/\/grupoberna.info\/wp-content\/uploads\/2021\/08\/Grupo-berna-azul.png","width":274,"height":120,"caption":"Apartamentos tur\u00edsticos y viviendas vacacionales"},"image":{"@id":"https:\/\/grupoberna.info\/#\/schema\/logo\/image\/"},"sameAs":["https:\/\/es-es.facebook.com\/grupobernacoloniadesantjordi\/","https:\/\/www.instagram.com\/grupo_berna\/"]}]}},"_links":{"self":[{"href":"https:\/\/grupoberna.info\/de\/wp-json\/wp\/v2\/pages\/3015","targetHints":{"allow":["GET"]}}],"collection":[{"href":"https:\/\/grupoberna.info\/de\/wp-json\/wp\/v2\/pages"}],"about":[{"href":"https:\/\/grupoberna.info\/de\/wp-json\/wp\/v2\/types\/page"}],"author":[{"embeddable":true,"href":"https:\/\/grupoberna.info\/de\/wp-json\/wp\/v2\/users\/1"}],"replies":[{"embeddable":true,"href":"https:\/\/grupoberna.info\/de\/wp-json\/wp\/v2\/comments?post=3015"}],"version-history":[{"count":5,"href":"https:\/\/grupoberna.info\/de\/wp-json\/wp\/v2\/pages\/3015\/revisions"}],"predecessor-version":[{"id":6735,"href":"https:\/\/grupoberna.info\/de\/wp-json\/wp\/v2\/pages\/3015\/revisions\/6735"}],"wp:attachment":[{"href":"https:\/\/grupoberna.info\/de\/wp-json\/wp\/v2\/media?parent=3015"}],"curies":[{"name":"wp","href":"https:\/\/api.w.org\/{rel}","templated":true}]}}