{"id":6301,"date":"2026-02-27T08:04:18","date_gmt":"2026-02-27T08:04:18","guid":{"rendered":"https:\/\/grupoberna.info\/?page_id=6301"},"modified":"2026-03-09T19:52:31","modified_gmt":"2026-03-09T19:52:31","slug":"cala-pi-mallorca-vollstaendiger-reisefuehrer","status":"publish","type":"page","link":"https:\/\/grupoberna.info\/de\/cala-pi-mallorca-vollstaendiger-reisefuehrer\/","title":{"rendered":"Cala Pi Mallorca: Vollst\u00e4ndiger Reisef\u00fchrer"},"content":{"rendered":"<p><div class=\"fusion-fullwidth fullwidth-box fusion-builder-row-1 fusion-flex-container has-pattern-background has-mask-background nonhundred-percent-fullwidth non-hundred-percent-height-scrolling\" style=\"--awb-border-radius-top-left:0px;--awb-border-radius-top-right:0px;--awb-border-radius-bottom-right:0px;--awb-border-radius-bottom-left:0px;--awb-padding-top:80px;--awb-padding-bottom:80px;--awb-background-color:#1e73be;\" ><div class=\"fusion-builder-row fusion-row fusion-flex-align-items-flex-start\" style=\"max-width:1365px;margin-left: calc(-5% \/ 2 );margin-right: calc(-5% \/ 2 );\"><div class=\"fusion-layout-column fusion_builder_column fusion-builder-column-0 fusion_builder_column_1_1 1_1 fusion-flex-column\" style=\"--awb-bg-size:cover;--awb-width-large:100%;--awb-margin-top-large:0px;--awb-spacing-right-large:2.375%;--awb-margin-bottom-large:20px;--awb-spacing-left-large:2.375%;--awb-width-medium:100%;--awb-order-medium:0;--awb-spacing-right-medium:2.375%;--awb-spacing-left-medium:2.375%;--awb-width-small:100%;--awb-order-small:0;--awb-spacing-right-small:2.375%;--awb-spacing-left-small:2.375%;\"><div class=\"fusion-column-wrapper fusion-column-has-shadow fusion-flex-justify-content-flex-start fusion-content-layout-column\"><div class=\"fusion-title title fusion-title-1 fusion-sep-none fusion-title-center fusion-title-text fusion-title-size-one\" style=\"--awb-text-color:#ffffff;--awb-margin-right:80px;--awb-margin-left:80px;\"><h1 class=\"title-heading-center\" style=\"margin:0;\"><h1><strong>\u201eEntdecken Sie die Insel mit Grupo Berna\u201d<\/strong><\/h1><\/h1><\/div><\/div><\/div><\/div><\/div><div class=\"fusion-fullwidth fullwidth-box fusion-builder-row-2 fusion-flex-container nonhundred-percent-fullwidth non-hundred-percent-height-scrolling\" style=\"--awb-border-radius-top-left:0px;--awb-border-radius-top-right:0px;--awb-border-radius-bottom-right:0px;--awb-border-radius-bottom-left:0px;\" ><div class=\"fusion-builder-row fusion-row fusion-flex-align-items-flex-start\" style=\"max-width:1365px;margin-left: calc(-5% \/ 2 );margin-right: calc(-5% \/ 2 );\"><div class=\"fusion-layout-column fusion_builder_column fusion-builder-column-1 fusion_builder_column_1_1 1_1 fusion-flex-column\" style=\"--awb-bg-size:cover;--awb-width-large:100%;--awb-margin-top-large:0px;--awb-spacing-right-large:2.375%;--awb-margin-bottom-large:0px;--awb-spacing-left-large:2.375%;--awb-width-medium:100%;--awb-spacing-right-medium:2.375%;--awb-spacing-left-medium:2.375%;--awb-width-small:100%;--awb-spacing-right-small:2.375%;--awb-spacing-left-small:2.375%;\"><div class=\"fusion-column-wrapper fusion-flex-justify-content-flex-start fusion-content-layout-column\"><div class=\"fusion-text fusion-text-1\"><p>Cala Pi ist die fotogenste Bucht im S\u00fcden Mallorcas, und ihre 147 Steintreppen, die ins t\u00fcrkisfarbene Wasser hinabf\u00fchren, haben sie zu einer Instagram-Ikone gemacht. Sie befindet sich in der Gemeinde Llucmajor, nur 40 Minuten von Palma entfernt, und verbindet wilde Sch\u00f6nheit mit Zug\u00e4nglichkeit. <\/p>\n<p>Wenn Sie also auf der Suche nach dem perfekten Foto f\u00fcr Ihren Feed sind, ohne auf die mediterrane Authentizit\u00e4t zu verzichten, dann ist dies Ihr Ziel. Von unseren Wohnungen im S\u00fcden Mallorcas aus k\u00f6nnen Sie dieses Juwel und seine gesch\u00fctzte nat\u00fcrliche Umgebung entdecken. <\/p>\n<h2>1. Die 147 Stufen: Der Abstieg ins Paradies<\/h2>\n<p>El acceso a la Cala es una experiencia en s\u00ed misma. Una escalera de piedra serpentea entre pinos y acantilados hasta el nivel del mar. Este descenso, aunque exigente, act\u00faa como filtro natural que mantiene la cala menos masificada.  <\/p>\n<p>Tipps:<br \/>\n&#8211; Stehen Sie fr\u00fch auf, um die leere Treppe und das ikonische Foto ohne Touristen zu sehen<br \/>\n&#8211; Nicht zug\u00e4nglich f\u00fcr Menschen mit eingeschr\u00e4nkter Mobilit\u00e4t und Kinderwagen<br \/>\n&#8211; Bringen Sie Wasser mit: der Aufstieg nach oben ist im Sommer anstrengend.<\/p>\n<h2>2. El Mirador de Cala Pi: Instagram Foto<\/h2>\n<p>Auf halber H\u00f6he der Treppe biegen Sie links zu einer Steinplattform auf der Klippe ab. Die Aussicht auf die Bucht von oben ist spektakul\u00e4r. Seien Sie vorsichtig, wenn Sie unter H\u00f6henangst leiden: die H\u00f6he ist betr\u00e4chtlich.  <\/p>\n<p><img decoding=\"async\" class=\"lazyload alignnone wp-image-6278\" src=\"https:\/\/grupoberna.info\/wp-content\/uploads\/2026\/02\/Balcon.jpeg\" data-orig-src=\"https:\/\/grupoberna.info\/wp-content\/uploads\/2026\/02\/Balcon.jpeg\" alt=\"Aussichtspunkt Cala Pi\" width=\"575\" height=\"323\" srcset=\"data:image\/svg+xml,%3Csvg%20xmlns%3D%27http%3A%2F%2Fwww.w3.org%2F2000%2Fsvg%27%20width%3D%27575%27%20height%3D%27323%27%20viewBox%3D%270%200%20575%20323%27%3E%3Crect%20width%3D%27575%27%20height%3D%27323%27%20fill-opacity%3D%220%22%2F%3E%3C%2Fsvg%3E\" data-srcset=\"https:\/\/grupoberna.info\/wp-content\/uploads\/2026\/02\/Balcon-200x113.jpeg 200w, https:\/\/grupoberna.info\/wp-content\/uploads\/2026\/02\/Balcon-300x169.jpeg 300w, https:\/\/grupoberna.info\/wp-content\/uploads\/2026\/02\/Balcon-400x225.jpeg 400w, https:\/\/grupoberna.info\/wp-content\/uploads\/2026\/02\/Balcon-600x338.jpeg 600w, https:\/\/grupoberna.info\/wp-content\/uploads\/2026\/02\/Balcon-768x432.jpeg 768w, https:\/\/grupoberna.info\/wp-content\/uploads\/2026\/02\/Balcon-800x450.jpeg 800w, https:\/\/grupoberna.info\/wp-content\/uploads\/2026\/02\/Balcon-1024x576.jpeg 1024w, https:\/\/grupoberna.info\/wp-content\/uploads\/2026\/02\/Balcon.jpeg 1200w\" data-sizes=\"auto\" data-orig-sizes=\"(max-width: 575px) 100vw, 575px\" \/><\/p>\n<h2>3. schnorcheln und tauchen<\/h2>\n<p>Die Klarheit des Wassers und die geringe Tiefe machen die Gegend au\u00dferdem zu einem hervorragenden Ort zum Schnorcheln. Der sandige Meeresboden beherbergt M\u00f6nchsfische, Kraken und ozeanische Posidonia. <\/p>\n<p>Beste Gegend: Um die Felsen der M\u00fcndung, wo die Tiefe 3-5 Meter erreicht.<\/p>\n<p><img decoding=\"async\" class=\"lazyload alignnone wp-image-6290\" src=\"https:\/\/grupoberna.info\/wp-content\/uploads\/2026\/02\/Snorkel.jpg\" data-orig-src=\"https:\/\/grupoberna.info\/wp-content\/uploads\/2026\/02\/Snorkel.jpg\" alt=\"Ideal zum Tauchen\" width=\"576\" height=\"324\" srcset=\"data:image\/svg+xml,%3Csvg%20xmlns%3D%27http%3A%2F%2Fwww.w3.org%2F2000%2Fsvg%27%20width%3D%27576%27%20height%3D%27324%27%20viewBox%3D%270%200%20576%20324%27%3E%3Crect%20width%3D%27576%27%20height%3D%27324%27%20fill-opacity%3D%220%22%2F%3E%3C%2Fsvg%3E\" data-srcset=\"https:\/\/grupoberna.info\/wp-content\/uploads\/2026\/02\/Snorkel-200x113.jpg 200w, https:\/\/grupoberna.info\/wp-content\/uploads\/2026\/02\/Snorkel-300x169.jpg 300w, https:\/\/grupoberna.info\/wp-content\/uploads\/2026\/02\/Snorkel-400x225.jpg 400w, https:\/\/grupoberna.info\/wp-content\/uploads\/2026\/02\/Snorkel-600x338.jpg 600w, https:\/\/grupoberna.info\/wp-content\/uploads\/2026\/02\/Snorkel-768x432.jpg 768w, https:\/\/grupoberna.info\/wp-content\/uploads\/2026\/02\/Snorkel-800x450.jpg 800w, https:\/\/grupoberna.info\/wp-content\/uploads\/2026\/02\/Snorkel-1024x576.jpg 1024w, https:\/\/grupoberna.info\/wp-content\/uploads\/2026\/02\/Snorkel.jpg 1200w\" data-sizes=\"auto\" data-orig-sizes=\"(max-width: 576px) 100vw, 576px\" \/><\/p>\n<h2>4. Segeln zur Bucht<\/h2>\n<p>Wenn Sie ein Boot haben oder eines im Club N\u00e1utico S&#8217;Estanyol de Migjorn (4,5 Seemeilen entfernt) mieten, ist es ein einzigartiges Erlebnis, Cala Pi auf dem Seeweg zu erreichen und bei Sonnenuntergang die rot und orange gef\u00e4rbten Klippen zu sehen.<\/p>\n<p>Vorsicht: An der M\u00fcndung befinden sich 3 Felsen. Gehen Sie durch den mittleren Teil, wo das Echolot 2-5 Meter anzeigt. <\/p>\n<p><img decoding=\"async\" class=\"lazyload alignnone wp-image-6282\" src=\"https:\/\/grupoberna.info\/wp-content\/uploads\/2026\/02\/Cala-pi-panoramica.jpg\" data-orig-src=\"https:\/\/grupoberna.info\/wp-content\/uploads\/2026\/02\/Cala-pi-panoramica.jpg\" alt=\"Eingang zur Bucht\" width=\"550\" height=\"366\" srcset=\"data:image\/svg+xml,%3Csvg%20xmlns%3D%27http%3A%2F%2Fwww.w3.org%2F2000%2Fsvg%27%20width%3D%27550%27%20height%3D%27366%27%20viewBox%3D%270%200%20550%20366%27%3E%3Crect%20width%3D%27550%27%20height%3D%27366%27%20fill-opacity%3D%220%22%2F%3E%3C%2Fsvg%3E\" data-srcset=\"https:\/\/grupoberna.info\/wp-content\/uploads\/2026\/02\/Cala-pi-panoramica-200x133.jpg 200w, https:\/\/grupoberna.info\/wp-content\/uploads\/2026\/02\/Cala-pi-panoramica-300x200.jpg 300w, https:\/\/grupoberna.info\/wp-content\/uploads\/2026\/02\/Cala-pi-panoramica-400x266.jpg 400w, https:\/\/grupoberna.info\/wp-content\/uploads\/2026\/02\/Cala-pi-panoramica.jpg 500w\" data-sizes=\"auto\" data-orig-sizes=\"(max-width: 550px) 100vw, 550px\" \/><\/p>\n<h2>5. <a href=\"https:\/\/es.wikiloc.com\/wikiloc\/map.do?sw=39.343680754726904%2C2.8193049726683106&amp;ne=39.388899245273095%2C2.8777950273316892&amp;place=Cala%20Pi&amp;page=1\">Wandern<\/a>: Route zur Cala Beltr\u00e1n<\/h2>\n<p>Para los m\u00e1s activos, existe un sendero costero de 14 km (ida y vuelta) que conecta Cala Pi con el Far de Cap Blanc, pasando por Cala Beltr\u00e1n (una miniatura de cala, m\u00e1s salvaje) y la Torre (siglo XVII).<\/p>\n<p>Dauer: 4-5 Stunden | Schwierigkeitsgrad: Mittel | Beste Jahreszeit: Oktober-Mai<\/p>\n<p><img decoding=\"async\" class=\"lazyload alignnone wp-image-6286\" src=\"https:\/\/grupoberna.info\/wp-content\/uploads\/2026\/02\/calapi-vista-general.jpg\" data-orig-src=\"https:\/\/grupoberna.info\/wp-content\/uploads\/2026\/02\/calapi-vista-general.jpg\" alt=\"Cala Pi aus der Luft\" width=\"551\" height=\"310\" srcset=\"data:image\/svg+xml,%3Csvg%20xmlns%3D%27http%3A%2F%2Fwww.w3.org%2F2000%2Fsvg%27%20width%3D%27551%27%20height%3D%27310%27%20viewBox%3D%270%200%20551%20310%27%3E%3Crect%20width%3D%27551%27%20height%3D%27310%27%20fill-opacity%3D%220%22%2F%3E%3C%2Fsvg%3E\" data-srcset=\"https:\/\/grupoberna.info\/wp-content\/uploads\/2026\/02\/calapi-vista-general-200x113.jpg 200w, https:\/\/grupoberna.info\/wp-content\/uploads\/2026\/02\/calapi-vista-general-300x169.jpg 300w, https:\/\/grupoberna.info\/wp-content\/uploads\/2026\/02\/calapi-vista-general-400x225.jpg 400w, https:\/\/grupoberna.info\/wp-content\/uploads\/2026\/02\/calapi-vista-general-600x338.jpg 600w, https:\/\/grupoberna.info\/wp-content\/uploads\/2026\/02\/calapi-vista-general-768x432.jpg 768w, https:\/\/grupoberna.info\/wp-content\/uploads\/2026\/02\/calapi-vista-general-800x450.jpg 800w, https:\/\/grupoberna.info\/wp-content\/uploads\/2026\/02\/calapi-vista-general.jpg 888w\" data-sizes=\"auto\" data-orig-sizes=\"(max-width: 551px) 100vw, 551px\" \/><\/p>\n<h3>Dienstleistungen in <a href=\"https:\/\/grupoberna.info\/cala-pi-vallgonera\/\">Cala Pi<\/a><\/h3>\n<p>&#8211; Chiringuito am oberen Ende der Treppe<br \/>\n&#8211; Liegest\u00fchle in der Hochsaison zu mieten<br \/>\n&#8211; Rettungsschwimmer (Juli-August)<br \/>\n&#8211; Toiletten am Eingang (nicht am Strand)<br \/>\n&#8211; Jetskis sind nicht erlaubt<\/p>\n<h3>Wo kann man in der N\u00e4he von <a href=\"https:\/\/grupoberna.info\/casa-kribiza\/\">Cala Pi<\/a> \u00fcbernachten?<\/h3>\n<p>Wir von Grupo Berna verwalten strategisch g\u00fcnstig gelegene Ferienwohnungen:<\/p>\n<p>&#8211; In der Urbanisation Cala Pi: Zugang zu Fu\u00df (5 Minuten)<br \/>\n&#8211; In Colonia Sant Jordi (20 Minuten mit dem Auto): mehr Dienstleistungen und Restaurants<br \/>\n&#8211; In Llucmajor (20 Minuten mit dem Auto): g\u00fcnstige Preise und lokales Ambiente<\/p>\n<p>[Verf\u00fcgbare Apartments anzeigen] [Verf\u00fcgbare Apartments anzeigen].<\/p>\n<h3>Beste Reisezeit f\u00fcr Cala Pi<\/h3>\n<p>&#8211; Mai-Juni: warmes Wasser, halbleere Bucht<br \/>\n&#8211; Juli-August: Am meisten los (Ankunft vor 9:00 Uhr)<br \/>\n&#8211; September-Oktober: Beste Zeit des Jahres, warmes Wasser, spektakul\u00e4re Sonnenunterg\u00e4nge.<\/p>\n<p>FAQ<\/p>\n<p>Schwimmen das ganze Jahr \u00fcber?<br \/>\nTechnisch gesehen ja, aber der Service wird nur von Mai bis Oktober angeboten.<\/p>\n<p>Gibt es Quallen?<br \/>\nGelegentlich im Sommer, wie im gesamten Mittelmeerraum. Die Bucht ist durch die Klippen gesch\u00fctzt. <\/p>\n<p>Ist es m\u00f6glich, einen Hund mitzubringen?<br \/>\nIn der Hochsaison (Juni-September) nicht erlaubt. Au\u00dferhalb der Saison, an der Leine. <\/p>\n<p>Autor: Berne Group Team | Aktualisiert: Februar 2026 | Lesedauer: 10 Minuten<\/p>\n<\/div><\/div><\/div><\/div><\/div><\/p>\n","protected":false},"excerpt":{"rendered":"","protected":false},"author":1,"featured_media":6297,"parent":0,"menu_order":0,"comment_status":"closed","ping_status":"closed","template":"100-width.php","meta":{"footnotes":""},"class_list":["post-6301","page","type-page","status-publish","has-post-thumbnail","hentry"],"yoast_head":"<!-- This site is optimized with the Yoast SEO plugin v21.5 - https:\/\/yoast.com\/wordpress\/plugins\/seo\/ -->\n<title>Cala Pi Mallorca: Vollst\u00e4ndiger F\u00fchrer zum Wander- und Schnorchelparadies<\/title>\n<meta name=\"description\" content=\"Cala Pi ist die fotogenste Bucht im S\u00fcden von Mallorca. Ihre 147 Steinstufen f\u00fchren hinunter zum t\u00fcrkisfarbenen Wasser. Kommen Sie ins Paradies.\" \/>\n<meta name=\"robots\" content=\"index, follow, max-snippet:-1, max-image-preview:large, max-video-preview:-1\" \/>\n<link rel=\"canonical\" href=\"https:\/\/grupoberna.info\/de\/cala-pi-mallorca-vollstaendiger-reisefuehrer\/\" \/>\n<meta property=\"og:locale\" content=\"de_DE\" \/>\n<meta property=\"og:type\" content=\"article\" \/>\n<meta property=\"og:title\" content=\"Cala Pi Mallorca: Vollst\u00e4ndiger F\u00fchrer zum Wander- und Schnorchelparadies\" \/>\n<meta property=\"og:description\" content=\"Cala Pi ist die fotogenste Bucht im S\u00fcden von Mallorca. Ihre 147 Steinstufen f\u00fchren hinunter zum t\u00fcrkisfarbenen Wasser. Kommen Sie ins Paradies.\" \/>\n<meta property=\"og:url\" content=\"https:\/\/grupoberna.info\/de\/cala-pi-mallorca-vollstaendiger-reisefuehrer\/\" \/>\n<meta property=\"og:site_name\" content=\"Apartamentos tur\u00edsticos y viviendas vacacionales\" \/>\n<meta property=\"article:publisher\" content=\"https:\/\/es-es.facebook.com\/grupobernacoloniadesantjordi\/\" \/>\n<meta property=\"article:modified_time\" content=\"2026-03-09T19:52:31+00:00\" \/>\n<meta property=\"og:image\" content=\"https:\/\/grupoberna.info\/wp-content\/uploads\/2026\/02\/Vista-desde-Arriba.jpg\" \/>\n\t<meta property=\"og:image:width\" content=\"640\" \/>\n\t<meta property=\"og:image:height\" content=\"427\" \/>\n\t<meta property=\"og:image:type\" content=\"image\/jpeg\" \/>\n<meta name=\"twitter:card\" content=\"summary_large_image\" \/>\n<meta name=\"twitter:label1\" content=\"Gesch\u00e4tzte Lesezeit\" \/>\n\t<meta name=\"twitter:data1\" content=\"4\u00a0Minuten\" \/>\n<script type=\"application\/ld+json\" class=\"yoast-schema-graph\">{\"@context\":\"https:\/\/schema.org\",\"@graph\":[{\"@type\":\"WebPage\",\"@id\":\"https:\/\/grupoberna.info\/de\/cala-pi-mallorca-vollstaendiger-reisefuehrer\/\",\"url\":\"https:\/\/grupoberna.info\/de\/cala-pi-mallorca-vollstaendiger-reisefuehrer\/\",\"name\":\"Cala Pi Mallorca: Vollst\u00e4ndiger F\u00fchrer zum Wander- und Schnorchelparadies\",\"isPartOf\":{\"@id\":\"https:\/\/grupoberna.info\/#website\"},\"datePublished\":\"2026-02-27T08:04:18+00:00\",\"dateModified\":\"2026-03-09T19:52:31+00:00\",\"description\":\"Cala Pi ist die fotogenste Bucht im S\u00fcden von Mallorca. Ihre 147 Steinstufen f\u00fchren hinunter zum t\u00fcrkisfarbenen Wasser. Kommen Sie ins Paradies.\",\"breadcrumb\":{\"@id\":\"https:\/\/grupoberna.info\/de\/cala-pi-mallorca-vollstaendiger-reisefuehrer\/#breadcrumb\"},\"inLanguage\":\"de\",\"potentialAction\":[{\"@type\":\"ReadAction\",\"target\":[\"https:\/\/grupoberna.info\/de\/cala-pi-mallorca-vollstaendiger-reisefuehrer\/\"]}]},{\"@type\":\"BreadcrumbList\",\"@id\":\"https:\/\/grupoberna.info\/de\/cala-pi-mallorca-vollstaendiger-reisefuehrer\/#breadcrumb\",\"itemListElement\":[{\"@type\":\"ListItem\",\"position\":1,\"name\":\"Portada\",\"item\":\"https:\/\/grupoberna.info\/de\/ferienwohnungen-und-ferienhauser-grupo-berna\/\"},{\"@type\":\"ListItem\",\"position\":2,\"name\":\"Cala Pi Mallorca: Vollst\u00e4ndiger Reisef\u00fchrer\"}]},{\"@type\":\"WebSite\",\"@id\":\"https:\/\/grupoberna.info\/#website\",\"url\":\"https:\/\/grupoberna.info\/\",\"name\":\"Apartamentos tur\u00edsticos y viviendas vacacionales\",\"description\":\"Apartamentos y villas | Es Trenc - Mallorca -Espa\u00f1a\",\"publisher\":{\"@id\":\"https:\/\/grupoberna.info\/#organization\"},\"potentialAction\":[{\"@type\":\"SearchAction\",\"target\":{\"@type\":\"EntryPoint\",\"urlTemplate\":\"https:\/\/grupoberna.info\/?s={search_term_string}\"},\"query-input\":\"required name=search_term_string\"}],\"inLanguage\":\"de\"},{\"@type\":\"Organization\",\"@id\":\"https:\/\/grupoberna.info\/#organization\",\"name\":\"Apartamentos tur\u00edsticos y viviendas vacacionales\",\"url\":\"https:\/\/grupoberna.info\/\",\"logo\":{\"@type\":\"ImageObject\",\"inLanguage\":\"de\",\"@id\":\"https:\/\/grupoberna.info\/#\/schema\/logo\/image\/\",\"url\":\"https:\/\/grupoberna.info\/wp-content\/uploads\/2021\/08\/Grupo-berna-azul.png\",\"contentUrl\":\"https:\/\/grupoberna.info\/wp-content\/uploads\/2021\/08\/Grupo-berna-azul.png\",\"width\":274,\"height\":120,\"caption\":\"Apartamentos tur\u00edsticos y viviendas vacacionales\"},\"image\":{\"@id\":\"https:\/\/grupoberna.info\/#\/schema\/logo\/image\/\"},\"sameAs\":[\"https:\/\/es-es.facebook.com\/grupobernacoloniadesantjordi\/\",\"https:\/\/www.instagram.com\/grupo_berna\/\"]}]}<\/script>\n<!-- \/ Yoast SEO plugin. -->","yoast_head_json":{"title":"Cala Pi Mallorca: Vollst\u00e4ndiger F\u00fchrer zum Wander- und Schnorchelparadies","description":"Cala Pi ist die fotogenste Bucht im S\u00fcden von Mallorca. Ihre 147 Steinstufen f\u00fchren hinunter zum t\u00fcrkisfarbenen Wasser. Kommen Sie ins Paradies.","robots":{"index":"index","follow":"follow","max-snippet":"max-snippet:-1","max-image-preview":"max-image-preview:large","max-video-preview":"max-video-preview:-1"},"canonical":"https:\/\/grupoberna.info\/de\/cala-pi-mallorca-vollstaendiger-reisefuehrer\/","og_locale":"de_DE","og_type":"article","og_title":"Cala Pi Mallorca: Vollst\u00e4ndiger F\u00fchrer zum Wander- und Schnorchelparadies","og_description":"Cala Pi ist die fotogenste Bucht im S\u00fcden von Mallorca. Ihre 147 Steinstufen f\u00fchren hinunter zum t\u00fcrkisfarbenen Wasser. Kommen Sie ins Paradies.","og_url":"https:\/\/grupoberna.info\/de\/cala-pi-mallorca-vollstaendiger-reisefuehrer\/","og_site_name":"Apartamentos tur\u00edsticos y viviendas vacacionales","article_publisher":"https:\/\/es-es.facebook.com\/grupobernacoloniadesantjordi\/","article_modified_time":"2026-03-09T19:52:31+00:00","og_image":[{"width":640,"height":427,"url":"https:\/\/grupoberna.info\/wp-content\/uploads\/2026\/02\/Vista-desde-Arriba.jpg","type":"image\/jpeg"}],"twitter_card":"summary_large_image","twitter_misc":{"Gesch\u00e4tzte Lesezeit":"4\u00a0Minuten"},"schema":{"@context":"https:\/\/schema.org","@graph":[{"@type":"WebPage","@id":"https:\/\/grupoberna.info\/de\/cala-pi-mallorca-vollstaendiger-reisefuehrer\/","url":"https:\/\/grupoberna.info\/de\/cala-pi-mallorca-vollstaendiger-reisefuehrer\/","name":"Cala Pi Mallorca: Vollst\u00e4ndiger F\u00fchrer zum Wander- und Schnorchelparadies","isPartOf":{"@id":"https:\/\/grupoberna.info\/#website"},"datePublished":"2026-02-27T08:04:18+00:00","dateModified":"2026-03-09T19:52:31+00:00","description":"Cala Pi ist die fotogenste Bucht im S\u00fcden von Mallorca. Ihre 147 Steinstufen f\u00fchren hinunter zum t\u00fcrkisfarbenen Wasser. Kommen Sie ins Paradies.","breadcrumb":{"@id":"https:\/\/grupoberna.info\/de\/cala-pi-mallorca-vollstaendiger-reisefuehrer\/#breadcrumb"},"inLanguage":"de","potentialAction":[{"@type":"ReadAction","target":["https:\/\/grupoberna.info\/de\/cala-pi-mallorca-vollstaendiger-reisefuehrer\/"]}]},{"@type":"BreadcrumbList","@id":"https:\/\/grupoberna.info\/de\/cala-pi-mallorca-vollstaendiger-reisefuehrer\/#breadcrumb","itemListElement":[{"@type":"ListItem","position":1,"name":"Portada","item":"https:\/\/grupoberna.info\/de\/ferienwohnungen-und-ferienhauser-grupo-berna\/"},{"@type":"ListItem","position":2,"name":"Cala Pi Mallorca: Vollst\u00e4ndiger Reisef\u00fchrer"}]},{"@type":"WebSite","@id":"https:\/\/grupoberna.info\/#website","url":"https:\/\/grupoberna.info\/","name":"Apartamentos tur\u00edsticos y viviendas vacacionales","description":"Apartamentos y villas | Es Trenc - Mallorca -Espa\u00f1a","publisher":{"@id":"https:\/\/grupoberna.info\/#organization"},"potentialAction":[{"@type":"SearchAction","target":{"@type":"EntryPoint","urlTemplate":"https:\/\/grupoberna.info\/?s={search_term_string}"},"query-input":"required name=search_term_string"}],"inLanguage":"de"},{"@type":"Organization","@id":"https:\/\/grupoberna.info\/#organization","name":"Apartamentos tur\u00edsticos y viviendas vacacionales","url":"https:\/\/grupoberna.info\/","logo":{"@type":"ImageObject","inLanguage":"de","@id":"https:\/\/grupoberna.info\/#\/schema\/logo\/image\/","url":"https:\/\/grupoberna.info\/wp-content\/uploads\/2021\/08\/Grupo-berna-azul.png","contentUrl":"https:\/\/grupoberna.info\/wp-content\/uploads\/2021\/08\/Grupo-berna-azul.png","width":274,"height":120,"caption":"Apartamentos tur\u00edsticos y viviendas vacacionales"},"image":{"@id":"https:\/\/grupoberna.info\/#\/schema\/logo\/image\/"},"sameAs":["https:\/\/es-es.facebook.com\/grupobernacoloniadesantjordi\/","https:\/\/www.instagram.com\/grupo_berna\/"]}]}},"_links":{"self":[{"href":"https:\/\/grupoberna.info\/de\/wp-json\/wp\/v2\/pages\/6301","targetHints":{"allow":["GET"]}}],"collection":[{"href":"https:\/\/grupoberna.info\/de\/wp-json\/wp\/v2\/pages"}],"about":[{"href":"https:\/\/grupoberna.info\/de\/wp-json\/wp\/v2\/types\/page"}],"author":[{"embeddable":true,"href":"https:\/\/grupoberna.info\/de\/wp-json\/wp\/v2\/users\/1"}],"replies":[{"embeddable":true,"href":"https:\/\/grupoberna.info\/de\/wp-json\/wp\/v2\/comments?post=6301"}],"version-history":[{"count":5,"href":"https:\/\/grupoberna.info\/de\/wp-json\/wp\/v2\/pages\/6301\/revisions"}],"predecessor-version":[{"id":6732,"href":"https:\/\/grupoberna.info\/de\/wp-json\/wp\/v2\/pages\/6301\/revisions\/6732"}],"wp:featuredmedia":[{"embeddable":true,"href":"https:\/\/grupoberna.info\/de\/wp-json\/wp\/v2\/media\/6297"}],"wp:attachment":[{"href":"https:\/\/grupoberna.info\/de\/wp-json\/wp\/v2\/media?parent=6301"}],"curies":[{"name":"wp","href":"https:\/\/api.w.org\/{rel}","templated":true}]}}