{"id":4344,"date":"2024-01-07T15:39:15","date_gmt":"2024-01-07T15:39:15","guid":{"rendered":"https:\/\/grupoberna.info\/contact\/"},"modified":"2026-03-09T19:57:54","modified_gmt":"2026-03-09T19:57:54","slug":"contact","status":"publish","type":"page","link":"https:\/\/grupoberna.info\/fr\/contact\/","title":{"rendered":"Contact"},"content":{"rendered":"<p><div class=\"fusion-fullwidth fullwidth-box fusion-builder-row-1 fusion-flex-container has-pattern-background has-mask-background fusion-parallax-none hundred-percent-fullwidth non-hundred-percent-height-scrolling lazyload\" style=\"--awb-background-position:center top;--awb-border-sizes-top:0;--awb-border-sizes-left:0;--awb-border-sizes-right:0;--awb-border-color:#ffffff;--awb-border-radius-top-left:0px;--awb-border-radius-top-right:0px;--awb-border-radius-bottom-right:0px;--awb-border-radius-bottom-left:0px;--awb-padding-top:10vw;--awb-padding-right:4vw;--awb-padding-bottom:10vw;--awb-padding-left:4vw;--awb-padding-bottom-medium:8vw;--awb-padding-bottom-small:14vw;--awb-margin-bottom:0px;--awb-background-color:rgba(255,255,255,0);--awb-background-image:linear-gradient(180deg, rgba(0,0,0,0.59) 47%,rgba(255,252,252,0) 100%);;--awb-background-size:cover;\" data-bg=\"https:\/\/grupoberna.info\/wp-content\/uploads\/2023\/02\/Imagen-0041.jpg\" data-bg-gradient=\"linear-gradient(180deg, rgba(0,0,0,0.59) 47%,rgba(255,252,252,0) 100%)\" ><div class=\"fusion-builder-row fusion-row fusion-flex-align-items-center fusion-flex-justify-content-center\" style=\"width:105% !important;max-width:105% !important;margin-left: calc(-5% \/ 2 );margin-right: calc(-5% \/ 2 );\"><div class=\"fusion-layout-column fusion_builder_column fusion-builder-column-0 fusion_builder_column_2_3 2_3 fusion-flex-column fusion-animated\" style=\"--awb-bg-size:cover;--awb-width-large:66.666666666667%;--awb-margin-top-large:0px;--awb-spacing-right-large:7.125%;--awb-margin-bottom-large:0px;--awb-spacing-left-large:3.5625%;--awb-width-medium:66.666666666667%;--awb-spacing-right-medium:7.125%;--awb-spacing-left-medium:3.5625%;--awb-width-small:100%;--awb-spacing-right-small:2.375%;--awb-spacing-left-small:2.375%;\" data-animationType=\"fadeInUp\" data-animationDuration=\"1.3\" data-animationOffset=\"top-into-view\"><div class=\"fusion-column-wrapper fusion-column-has-shadow fusion-flex-justify-content-center fusion-content-layout-column\"><div class=\"fusion-title title fusion-title-1 fusion-sep-none fusion-title-center fusion-title-text fusion-title-size-one\" style=\"--awb-text-color:#ffffff;--awb-font-size:50px;\"><h1 class=\"title-heading-center\" style=\"margin:0;font-size:1em;\">Contact<\/h1><\/div><div class=\"fusion-text fusion-text-1\" style=\"--awb-content-alignment:left;--awb-font-size:22px;--awb-letter-spacing:3px;--awb-text-color:#ffffff;\"><p style=\"text-align: center;\">GROUPE BERNA<\/p>\n<\/div><\/div><\/div><\/div><\/div><div class=\"fusion-fullwidth fullwidth-box fusion-builder-row-2 fusion-flex-container has-pattern-background has-mask-background hundred-percent-fullwidth non-hundred-percent-height-scrolling\" style=\"--awb-background-position:center top;--awb-background-repeat:repeat-x;--awb-border-sizes-left:3vw;--awb-border-sizes-right:3vw;--awb-border-color:#ffffff;--awb-border-radius-top-left:0px;--awb-border-radius-top-right:0px;--awb-border-radius-bottom-right:0px;--awb-border-radius-bottom-left:0px;--awb-padding-top:3vw;--awb-padding-right:7vw;--awb-padding-bottom:10vw;--awb-padding-left:7vw;--awb-padding-bottom-medium:8vw;--awb-padding-bottom-small:14vw;--awb-margin-bottom:0px;--awb-background-color:#016193;\" ><div class=\"fusion-builder-row fusion-row fusion-flex-align-items-stretch\" style=\"width:calc( 100% + 7vw ) !important;max-width:calc( 100% + 7vw ) !important;margin-left: calc(-7vw \/ 2 );margin-right: calc(-7vw \/ 2 );\"><div class=\"fusion-layout-column fusion_builder_column fusion-builder-column-1 fusion_builder_column_3_5 3_5 fusion-flex-column fusion-animated\" style=\"--awb-bg-size:cover;--awb-width-large:60%;--awb-margin-top-large:0px;--awb-spacing-right-large:calc( 0.083333333333333 * calc( 100% - 7vw ) );--awb-margin-bottom-large:0px;--awb-spacing-left-large:3.5vw;--awb-width-medium:60%;--awb-spacing-right-medium:calc( 0.083333333333333 * calc( 100% - 7vw ) );--awb-spacing-left-medium:3.5vw;--awb-width-small:100%;--awb-spacing-right-small:3.5vw;--awb-margin-bottom-small:9vw;--awb-spacing-left-small:3.5vw;\" data-animationType=\"fadeInUp\" data-animationDuration=\"1.3\" data-animationOffset=\"top-into-view\"><div class=\"fusion-column-wrapper fusion-column-has-shadow fusion-flex-justify-content-center fusion-content-layout-column\">W2NvbnRhY3QtZm9ybS03IGlkPSIyNjgwIiB0aXRsZT0iRm9ybXVsYJpbyBkZSBjb250YWN0byAxIl0=.<\/div><\/div><div class=\"fusion-layout-column fusion_builder_column fusion-builder-column-2 fusion_builder_column_2_5 2_5 fusion-flex-column fusion-animated\" style=\"--awb-bg-size:cover;--awb-width-large:40%;--awb-margin-top-large:0px;--awb-spacing-right-large:calc( 0.125 * calc( 100% - 7vw ) );--awb-margin-bottom-large:0px;--awb-spacing-left-large:3.5vw;--awb-width-medium:40%;--awb-spacing-right-medium:calc( 0.125 * calc( 100% - 7vw ) );--awb-spacing-left-medium:3.5vw;--awb-width-small:100%;--awb-spacing-right-small:3.5vw;--awb-spacing-left-small:3.5vw;\" data-animationType=\"fadeInUp\" data-animationDuration=\"1.3\" data-animationOffset=\"top-into-view\"><div class=\"fusion-column-wrapper fusion-column-has-shadow fusion-flex-justify-content-center fusion-content-layout-column\"><div class=\"fusion-text fusion-text-2\" style=\"--awb-content-alignment:left;--awb-font-size:14px;--awb-letter-spacing:3px;--awb-text-color:#ffffff;\"><p>GROUPE BERNINA<\/p>\n<\/div><div class=\"fusion-image-element \" style=\"--awb-caption-title-size:var(--h2_typography-font-size);--awb-caption-title-transform:var(--h2_typography-text-transform);--awb-caption-title-line-height:var(--h2_typography-line-height);--awb-caption-title-letter-spacing:var(--h2_typography-letter-spacing);\"><span class=\" fusion-imageframe imageframe-none imageframe-1 hover-type-none\"><img decoding=\"async\" width=\"223\" height=\"120\" title=\"logotip-grupo-berna-footer\" src=\"https:\/\/grupoberna.info\/wp-content\/uploads\/2022\/12\/logotip-grupo-berna-footer.png\" data-orig-src=\"https:\/\/grupoberna.info\/wp-content\/uploads\/2022\/12\/logotip-grupo-berna-footer.png\" alt class=\"lazyload img-responsive wp-image-4056\" srcset=\"data:image\/svg+xml,%3Csvg%20xmlns%3D%27http%3A%2F%2Fwww.w3.org%2F2000%2Fsvg%27%20width%3D%27223%27%20height%3D%27120%27%20viewBox%3D%270%200%20223%20120%27%3E%3Crect%20width%3D%27223%27%20height%3D%27120%27%20fill-opacity%3D%220%22%2F%3E%3C%2Fsvg%3E\" data-srcset=\"https:\/\/grupoberna.info\/wp-content\/uploads\/2022\/12\/logotip-grupo-berna-footer-200x108.png 200w, https:\/\/grupoberna.info\/wp-content\/uploads\/2022\/12\/logotip-grupo-berna-footer.png 223w\" data-sizes=\"auto\" data-orig-sizes=\"(max-width: 700px) 100vw, 223px\" \/><\/span><\/div><div class=\"fusion-text fusion-text-3\" style=\"--awb-content-alignment:left;--awb-font-size:17px;--awb-text-color:#ffffff;\"><p><strong>Mail : <\/strong>info@grupoberna.info<\/p>\n<p><b>T\u00e9l\u00e9phone et whatApp :<\/b> +34 678 66 91 44<\/p>\n<\/div><\/div><\/div><\/div><\/div><div class=\"fusion-fullwidth fullwidth-box fusion-builder-row-3 fusion-flex-container nonhundred-percent-fullwidth non-hundred-percent-height-scrolling\" style=\"--awb-border-radius-top-left:0px;--awb-border-radius-top-right:0px;--awb-border-radius-bottom-right:0px;--awb-border-radius-bottom-left:0px;--awb-padding-top:7vw;--awb-padding-bottom:6vw;--awb-padding-right-small:12vw;--awb-padding-bottom-small:12vw;--awb-padding-left-small:12vw;\" ><div class=\"fusion-builder-row fusion-row fusion-flex-align-items-flex-start\" style=\"max-width:1365px;margin-left: calc(-5% \/ 2 );margin-right: calc(-5% \/ 2 );\"><div class=\"fusion-layout-column fusion_builder_column fusion-builder-column-3 fusion_builder_column_1_3 1_3 fusion-flex-column\" style=\"--awb-bg-size:cover;--awb-width-large:33.333333333333%;--awb-margin-top-large:0px;--awb-spacing-right-large:5.7%;--awb-margin-bottom-large:0px;--awb-spacing-left-large:7.125%;--awb-width-medium:33.333333333333%;--awb-order-medium:0;--awb-spacing-right-medium:5.7%;--awb-spacing-left-medium:7.125%;--awb-width-small:100%;--awb-order-small:0;--awb-spacing-right-small:2.375%;--awb-spacing-left-small:2.375%;\"><div class=\"fusion-column-wrapper fusion-column-has-shadow fusion-flex-justify-content-flex-start fusion-content-layout-column\"><div class=\"fusion-title title fusion-title-2 fusion-sep-none fusion-title-text fusion-title-size-three\" style=\"--awb-font-size:41px;\"><h3 class=\"title-heading-left\" style=\"margin:0;font-size:1em;line-height:1.3em;\"><p style=\"text-align: center;\">Au sein du <strong data-start=\"423\" data-end=\"438\">Groupe Berna Mallorca, nous g\u00e9rons des <strong data-start=\"451\" data-end=\"515\"><a href=\"https:\/\/grupoberna.info\/apartamentos-y-viviendas-vacacionals\/\">appartements<\/a> touristiques et des logements de vacances \u00e0 <a href=\"https:\/\/es.wikiloc.com\/wikiloc\/map.do?sw=38.97924901376834%2C1.96006715297699&amp;ne=39.773272854260505%2C3.53385865688324&amp;act=47&amp;page=1\">Majorque<\/a><\/strong>, proposant des h\u00e9bergements con\u00e7us pour ceux qui recherchent <strong data-start=\"570\" data-end=\"610\">intimit\u00e9, autonomie et flexibilit\u00e9<\/strong>, loin du mod\u00e8le h\u00f4telier traditionnel !<\/strong><\/p><\/h3><\/div><\/div><\/div><div class=\"fusion-layout-column fusion_builder_column fusion-builder-column-4 fusion_builder_column_1_3 1_3 fusion-flex-column\" style=\"--awb-padding-top:10px;--awb-bg-size:cover;--awb-width-large:33.333333333333%;--awb-margin-top-large:0px;--awb-spacing-right-large:5.7%;--awb-margin-bottom-large:0px;--awb-spacing-left-large:5.7%;--awb-width-medium:33.333333333333%;--awb-spacing-right-medium:5.7%;--awb-spacing-left-medium:5.7%;--awb-width-small:100%;--awb-spacing-right-small:2.375%;--awb-spacing-left-small:2.375%;\"><div class=\"fusion-column-wrapper fusion-flex-justify-content-flex-start fusion-content-layout-column\"><div class=\"fusion-text fusion-text-4\"><p data-start=\"652\" data-end=\"897\">Nos h\u00e9bergements <strong data-start=\"674\" data-end=\"732\">ne disposent pas de r\u00e9ception physique ni de services h\u00f4teliers<\/strong> (tels que le m\u00e9nage quotidien, l&rsquo;assistance permanente sur place ou la restauration). Chaque s\u00e9jour se d\u00e9roule de mani\u00e8re ind\u00e9pendante, dans le respect de l&rsquo;usage priv\u00e9 de la propri\u00e9t\u00e9. <\/p>\n<p data-start=\"899\" data-end=\"1170\">Cependant, pendant votre s\u00e9jour, vous b\u00e9n\u00e9ficierez du <strong data-start=\"948\" data-end=\"991\">soutien d&rsquo;une \u00e9quipe professionnelle locale<\/strong>, disponible pour traiter les <strong data-start=\"1017\" data-end=\"1064\">questions li\u00e9es \u00e0 l&rsquo;h\u00e9bergement<\/strong>, r\u00e9soudre les probl\u00e8mes op\u00e9rationnels et fournir des informations g\u00e9n\u00e9rales sur la r\u00e9gion <strong data-start=\"1136\" data-end=\"1169\">\u00e0 la demande du client.<\/strong> Grpo Berna Mallorca toujours \u00e0 votre \u00e9coute.<\/p>\n<\/div><\/div><\/div><div class=\"fusion-layout-column fusion_builder_column fusion-builder-column-5 fusion_builder_column_1_3 1_3 fusion-flex-column\" style=\"--awb-padding-top:10px;--awb-bg-size:cover;--awb-width-large:33.333333333333%;--awb-margin-top-large:0px;--awb-spacing-right-large:7.125%;--awb-margin-bottom-large:0px;--awb-spacing-left-large:5.7%;--awb-width-medium:33.333333333333%;--awb-spacing-right-medium:7.125%;--awb-spacing-left-medium:5.7%;--awb-width-small:100%;--awb-spacing-right-small:2.375%;--awb-spacing-left-small:2.375%;\"><div class=\"fusion-column-wrapper fusion-flex-justify-content-flex-start fusion-content-layout-column\"><div class=\"fusion-text fusion-text-5\"><p>Le Grupo Berna d\u00e9fend le tourisme durable. Nous sommes soucieux de l&rsquo;environnement et nous nous effor\u00e7ons de r\u00e9duire autant que possible l&rsquo;impact de nos installations sur la plan\u00e8te. Nous voulons que nos clients sentent qu&rsquo;ils se trouvent dans un endroit qui s&rsquo;engage dans la gestion durable de leurs activit\u00e9s.<\/p>\n<\/div><\/div><\/div><\/div><\/div><\/p>\n","protected":false},"excerpt":{"rendered":"","protected":false},"author":1,"featured_media":0,"parent":0,"menu_order":0,"comment_status":"closed","ping_status":"closed","template":"100-width.php","meta":{"footnotes":""},"class_list":["post-4344","page","type-page","status-publish","hentry"],"yoast_head":"<!-- This site is optimized with the Yoast SEO plugin v21.5 - https:\/\/yoast.com\/wordpress\/plugins\/seo\/ -->\n<title>Grupo Berna Mallorca<\/title>\n<meta name=\"description\" content=\"Groupe Berna Majorque. Toujours \u00e0 l&#039;\u00e9coute des besoins de leurs clients pendant leur s\u00e9jour chez nous. a8&gt; toute aide pendant leur s\u00e9jour dans nos propri\u00e9t\u00e9s.\" \/>\n<meta name=\"robots\" content=\"index, follow, max-snippet:-1, max-image-preview:large, max-video-preview:-1\" \/>\n<link rel=\"canonical\" href=\"https:\/\/grupoberna.info\/fr\/contact\/\" \/>\n<meta property=\"og:locale\" content=\"fr_FR\" \/>\n<meta property=\"og:type\" content=\"article\" \/>\n<meta property=\"og:title\" content=\"Grupo Berna Mallorca\" \/>\n<meta property=\"og:description\" content=\"Groupe Berna Majorque. Toujours \u00e0 l&#039;\u00e9coute des besoins de leurs clients pendant leur s\u00e9jour chez nous. a8&gt; toute aide pendant leur s\u00e9jour dans nos propri\u00e9t\u00e9s.\" \/>\n<meta property=\"og:url\" content=\"https:\/\/grupoberna.info\/fr\/contact\/\" \/>\n<meta property=\"og:site_name\" content=\"Apartamentos tur\u00edsticos y viviendas vacacionales\" \/>\n<meta property=\"article:publisher\" content=\"https:\/\/es-es.facebook.com\/grupobernacoloniadesantjordi\/\" \/>\n<meta property=\"article:modified_time\" content=\"2026-03-09T19:57:54+00:00\" \/>\n<meta name=\"twitter:card\" content=\"summary_large_image\" \/>\n<meta name=\"twitter:label1\" content=\"Dur\u00e9e de lecture estim\u00e9e\" \/>\n\t<meta name=\"twitter:data1\" content=\"16 minutes\" \/>\n<script type=\"application\/ld+json\" class=\"yoast-schema-graph\">{\"@context\":\"https:\/\/schema.org\",\"@graph\":[{\"@type\":\"WebPage\",\"@id\":\"https:\/\/grupoberna.info\/fr\/contact\/\",\"url\":\"https:\/\/grupoberna.info\/fr\/contact\/\",\"name\":\"Grupo Berna Mallorca\",\"isPartOf\":{\"@id\":\"https:\/\/grupoberna.info\/#website\"},\"datePublished\":\"2024-01-07T15:39:15+00:00\",\"dateModified\":\"2026-03-09T19:57:54+00:00\",\"description\":\"Groupe Berna Majorque. Toujours \u00e0 l'\u00e9coute des besoins de leurs clients pendant leur s\u00e9jour chez nous. a8> toute aide pendant leur s\u00e9jour dans nos propri\u00e9t\u00e9s.\",\"breadcrumb\":{\"@id\":\"https:\/\/grupoberna.info\/fr\/contact\/#breadcrumb\"},\"inLanguage\":\"fr-FR\",\"potentialAction\":[{\"@type\":\"ReadAction\",\"target\":[\"https:\/\/grupoberna.info\/fr\/contact\/\"]}]},{\"@type\":\"BreadcrumbList\",\"@id\":\"https:\/\/grupoberna.info\/fr\/contact\/#breadcrumb\",\"itemListElement\":[{\"@type\":\"ListItem\",\"position\":1,\"name\":\"Portada\",\"item\":\"https:\/\/grupoberna.info\/fr\/appartements-et-villas-berna-group\/\"},{\"@type\":\"ListItem\",\"position\":2,\"name\":\"Contact\"}]},{\"@type\":\"WebSite\",\"@id\":\"https:\/\/grupoberna.info\/#website\",\"url\":\"https:\/\/grupoberna.info\/\",\"name\":\"Apartamentos tur\u00edsticos y viviendas vacacionales\",\"description\":\"Apartamentos y villas | Es Trenc - Mallorca -Espa\u00f1a\",\"publisher\":{\"@id\":\"https:\/\/grupoberna.info\/#organization\"},\"potentialAction\":[{\"@type\":\"SearchAction\",\"target\":{\"@type\":\"EntryPoint\",\"urlTemplate\":\"https:\/\/grupoberna.info\/?s={search_term_string}\"},\"query-input\":\"required name=search_term_string\"}],\"inLanguage\":\"fr-FR\"},{\"@type\":\"Organization\",\"@id\":\"https:\/\/grupoberna.info\/#organization\",\"name\":\"Apartamentos tur\u00edsticos y viviendas vacacionales\",\"url\":\"https:\/\/grupoberna.info\/\",\"logo\":{\"@type\":\"ImageObject\",\"inLanguage\":\"fr-FR\",\"@id\":\"https:\/\/grupoberna.info\/#\/schema\/logo\/image\/\",\"url\":\"https:\/\/grupoberna.info\/wp-content\/uploads\/2021\/08\/Grupo-berna-azul.png\",\"contentUrl\":\"https:\/\/grupoberna.info\/wp-content\/uploads\/2021\/08\/Grupo-berna-azul.png\",\"width\":274,\"height\":120,\"caption\":\"Apartamentos tur\u00edsticos y viviendas vacacionales\"},\"image\":{\"@id\":\"https:\/\/grupoberna.info\/#\/schema\/logo\/image\/\"},\"sameAs\":[\"https:\/\/es-es.facebook.com\/grupobernacoloniadesantjordi\/\",\"https:\/\/www.instagram.com\/grupo_berna\/\"]}]}<\/script>\n<!-- \/ Yoast SEO plugin. -->","yoast_head_json":{"title":"Grupo Berna Mallorca","description":"Groupe Berna Majorque. Toujours \u00e0 l'\u00e9coute des besoins de leurs clients pendant leur s\u00e9jour chez nous. a8> toute aide pendant leur s\u00e9jour dans nos propri\u00e9t\u00e9s.","robots":{"index":"index","follow":"follow","max-snippet":"max-snippet:-1","max-image-preview":"max-image-preview:large","max-video-preview":"max-video-preview:-1"},"canonical":"https:\/\/grupoberna.info\/fr\/contact\/","og_locale":"fr_FR","og_type":"article","og_title":"Grupo Berna Mallorca","og_description":"Groupe Berna Majorque. Toujours \u00e0 l'\u00e9coute des besoins de leurs clients pendant leur s\u00e9jour chez nous. a8> toute aide pendant leur s\u00e9jour dans nos propri\u00e9t\u00e9s.","og_url":"https:\/\/grupoberna.info\/fr\/contact\/","og_site_name":"Apartamentos tur\u00edsticos y viviendas vacacionales","article_publisher":"https:\/\/es-es.facebook.com\/grupobernacoloniadesantjordi\/","article_modified_time":"2026-03-09T19:57:54+00:00","twitter_card":"summary_large_image","twitter_misc":{"Dur\u00e9e de lecture estim\u00e9e":"16 minutes"},"schema":{"@context":"https:\/\/schema.org","@graph":[{"@type":"WebPage","@id":"https:\/\/grupoberna.info\/fr\/contact\/","url":"https:\/\/grupoberna.info\/fr\/contact\/","name":"Grupo Berna Mallorca","isPartOf":{"@id":"https:\/\/grupoberna.info\/#website"},"datePublished":"2024-01-07T15:39:15+00:00","dateModified":"2026-03-09T19:57:54+00:00","description":"Groupe Berna Majorque. Toujours \u00e0 l'\u00e9coute des besoins de leurs clients pendant leur s\u00e9jour chez nous. a8> toute aide pendant leur s\u00e9jour dans nos propri\u00e9t\u00e9s.","breadcrumb":{"@id":"https:\/\/grupoberna.info\/fr\/contact\/#breadcrumb"},"inLanguage":"fr-FR","potentialAction":[{"@type":"ReadAction","target":["https:\/\/grupoberna.info\/fr\/contact\/"]}]},{"@type":"BreadcrumbList","@id":"https:\/\/grupoberna.info\/fr\/contact\/#breadcrumb","itemListElement":[{"@type":"ListItem","position":1,"name":"Portada","item":"https:\/\/grupoberna.info\/fr\/appartements-et-villas-berna-group\/"},{"@type":"ListItem","position":2,"name":"Contact"}]},{"@type":"WebSite","@id":"https:\/\/grupoberna.info\/#website","url":"https:\/\/grupoberna.info\/","name":"Apartamentos tur\u00edsticos y viviendas vacacionales","description":"Apartamentos y villas | Es Trenc - Mallorca -Espa\u00f1a","publisher":{"@id":"https:\/\/grupoberna.info\/#organization"},"potentialAction":[{"@type":"SearchAction","target":{"@type":"EntryPoint","urlTemplate":"https:\/\/grupoberna.info\/?s={search_term_string}"},"query-input":"required name=search_term_string"}],"inLanguage":"fr-FR"},{"@type":"Organization","@id":"https:\/\/grupoberna.info\/#organization","name":"Apartamentos tur\u00edsticos y viviendas vacacionales","url":"https:\/\/grupoberna.info\/","logo":{"@type":"ImageObject","inLanguage":"fr-FR","@id":"https:\/\/grupoberna.info\/#\/schema\/logo\/image\/","url":"https:\/\/grupoberna.info\/wp-content\/uploads\/2021\/08\/Grupo-berna-azul.png","contentUrl":"https:\/\/grupoberna.info\/wp-content\/uploads\/2021\/08\/Grupo-berna-azul.png","width":274,"height":120,"caption":"Apartamentos tur\u00edsticos y viviendas vacacionales"},"image":{"@id":"https:\/\/grupoberna.info\/#\/schema\/logo\/image\/"},"sameAs":["https:\/\/es-es.facebook.com\/grupobernacoloniadesantjordi\/","https:\/\/www.instagram.com\/grupo_berna\/"]}]}},"_links":{"self":[{"href":"https:\/\/grupoberna.info\/fr\/wp-json\/wp\/v2\/pages\/4344","targetHints":{"allow":["GET"]}}],"collection":[{"href":"https:\/\/grupoberna.info\/fr\/wp-json\/wp\/v2\/pages"}],"about":[{"href":"https:\/\/grupoberna.info\/fr\/wp-json\/wp\/v2\/types\/page"}],"author":[{"embeddable":true,"href":"https:\/\/grupoberna.info\/fr\/wp-json\/wp\/v2\/users\/1"}],"replies":[{"embeddable":true,"href":"https:\/\/grupoberna.info\/fr\/wp-json\/wp\/v2\/comments?post=4344"}],"version-history":[{"count":3,"href":"https:\/\/grupoberna.info\/fr\/wp-json\/wp\/v2\/pages\/4344\/revisions"}],"predecessor-version":[{"id":6734,"href":"https:\/\/grupoberna.info\/fr\/wp-json\/wp\/v2\/pages\/4344\/revisions\/6734"}],"wp:attachment":[{"href":"https:\/\/grupoberna.info\/fr\/wp-json\/wp\/v2\/media?parent=4344"}],"curies":[{"name":"wp","href":"https:\/\/api.w.org\/{rel}","templated":true}]}}