{"id":6174,"date":"2026-02-19T17:09:48","date_gmt":"2026-02-19T17:09:48","guid":{"rendered":"https:\/\/grupoberna.info\/les-5-meilleures-plages-de-colonia-sant-jordi\/"},"modified":"2026-03-09T20:07:23","modified_gmt":"2026-03-09T20:07:23","slug":"les-5-meilleures-plages-de-colonia-sant-jordi","status":"publish","type":"page","link":"https:\/\/grupoberna.info\/fr\/les-5-meilleures-plages-de-colonia-sant-jordi\/","title":{"rendered":"Les 6 meilleures plages de Colonia Sant Jordi"},"content":{"rendered":"<p><div class=\"fusion-fullwidth fullwidth-box fusion-builder-row-1 fusion-flex-container has-pattern-background has-mask-background nonhundred-percent-fullwidth non-hundred-percent-height-scrolling\" style=\"--awb-border-radius-top-left:0px;--awb-border-radius-top-right:0px;--awb-border-radius-bottom-right:0px;--awb-border-radius-bottom-left:0px;--awb-padding-top:80px;--awb-padding-bottom:80px;--awb-background-color:#1e73be;\" ><div class=\"fusion-builder-row fusion-row fusion-flex-align-items-flex-start\" style=\"max-width:1365px;margin-left: calc(-5% \/ 2 );margin-right: calc(-5% \/ 2 );\"><div class=\"fusion-layout-column fusion_builder_column fusion-builder-column-0 fusion_builder_column_1_1 1_1 fusion-flex-column\" style=\"--awb-bg-size:cover;--awb-width-large:100%;--awb-margin-top-large:0px;--awb-spacing-right-large:2.375%;--awb-margin-bottom-large:20px;--awb-spacing-left-large:2.375%;--awb-width-medium:100%;--awb-order-medium:0;--awb-spacing-right-medium:2.375%;--awb-spacing-left-medium:2.375%;--awb-width-small:100%;--awb-order-small:0;--awb-spacing-right-small:2.375%;--awb-spacing-left-small:2.375%;\"><div class=\"fusion-column-wrapper fusion-column-has-shadow fusion-flex-justify-content-flex-start fusion-content-layout-column\"><div class=\"fusion-title title fusion-title-1 fusion-sep-none fusion-title-center fusion-title-text fusion-title-size-one\" style=\"--awb-text-color:#ffffff;--awb-margin-right:80px;--awb-margin-left:80px;\"><h1 class=\"title-heading-center\" style=\"margin:0;\"><h1><strong>\u00ab\u00a0Descubre la isla con Grupo Berna\u00a0\u00bb<\/strong><\/h1><\/h1><\/div><\/div><\/div><\/div><\/div><div class=\"fusion-fullwidth fullwidth-box fusion-builder-row-2 fusion-flex-container nonhundred-percent-fullwidth non-hundred-percent-height-scrolling\" style=\"--awb-border-radius-top-left:0px;--awb-border-radius-top-right:0px;--awb-border-radius-bottom-right:0px;--awb-border-radius-bottom-left:0px;\" ><div class=\"fusion-builder-row fusion-row fusion-flex-align-items-flex-start\" style=\"max-width:1365px;margin-left: calc(-5% \/ 2 );margin-right: calc(-5% \/ 2 );\"><div class=\"fusion-layout-column fusion_builder_column fusion-builder-column-1 fusion_builder_column_1_1 1_1 fusion-flex-column\" style=\"--awb-bg-size:cover;--awb-width-large:100%;--awb-margin-top-large:0px;--awb-spacing-right-large:2.375%;--awb-margin-bottom-large:0px;--awb-spacing-left-large:2.375%;--awb-width-medium:100%;--awb-spacing-right-medium:2.375%;--awb-spacing-left-medium:2.375%;--awb-width-small:100%;--awb-spacing-right-small:2.375%;--awb-spacing-left-small:2.375%;\"><div class=\"fusion-column-wrapper fusion-flex-justify-content-flex-start fusion-content-layout-column\"><div class=\"fusion-text fusion-text-1\"><h2 style=\"text-align: center;\">Les 6 meilleures plages de <a href=\"https:\/\/grupoberna.info\/colonia-de-sant-jordi-playas-virgenes-es-trenc\/\">Colonia de Sant Jordi<\/a>, un paradis pour les amoureux de la plage.<\/h2>\n<h2 style=\"text-align: center;\">1. la <strong>plage d&rsquo;Es Trenc<\/strong>: les Cara\u00efbes de Majorque.<\/h2>\n<p style=\"text-align: center;\">Consid\u00e9r\u00e9e comme la meilleure plage de Majorque, Es Trenc est une plage de sable fin de 3 km de long aux eaux turquoise.<\/p>\n<p style=\"text-align: center;\"><img decoding=\"async\" class=\"lazyload alignnone wp-image-2396\" src=\"https:\/\/grupoberna.info\/wp-content\/uploads\/2022\/12\/es-trenc-mallorca2-grupo-berna.jpg\" data-orig-src=\"https:\/\/grupoberna.info\/wp-content\/uploads\/2022\/12\/es-trenc-mallorca2-grupo-berna.jpg\" alt=\"vues de drone es trenc mallorca berna group\" width=\"576\" height=\"384\" srcset=\"data:image\/svg+xml,%3Csvg%20xmlns%3D%27http%3A%2F%2Fwww.w3.org%2F2000%2Fsvg%27%20width%3D%27576%27%20height%3D%27384%27%20viewBox%3D%270%200%20576%20384%27%3E%3Crect%20width%3D%27576%27%20height%3D%27384%27%20fill-opacity%3D%220%22%2F%3E%3C%2Fsvg%3E\" data-srcset=\"https:\/\/grupoberna.info\/wp-content\/uploads\/2022\/12\/es-trenc-mallorca2-grupo-berna-200x133.jpg 200w, https:\/\/grupoberna.info\/wp-content\/uploads\/2022\/12\/es-trenc-mallorca2-grupo-berna-300x200.jpg 300w, https:\/\/grupoberna.info\/wp-content\/uploads\/2022\/12\/es-trenc-mallorca2-grupo-berna-400x267.jpg 400w, https:\/\/grupoberna.info\/wp-content\/uploads\/2022\/12\/es-trenc-mallorca2-grupo-berna-600x400.jpg 600w, https:\/\/grupoberna.info\/wp-content\/uploads\/2022\/12\/es-trenc-mallorca2-grupo-berna-768x512.jpg 768w, https:\/\/grupoberna.info\/wp-content\/uploads\/2022\/12\/es-trenc-mallorca2-grupo-berna-800x533.jpg 800w, https:\/\/grupoberna.info\/wp-content\/uploads\/2022\/12\/es-trenc-mallorca2-grupo-berna-1024x683.jpg 1024w, https:\/\/grupoberna.info\/wp-content\/uploads\/2022\/12\/es-trenc-mallorca2-grupo-berna.jpg 1200w\" data-sizes=\"auto\" data-orig-sizes=\"(max-width: 576px) 100vw, 576px\" \/><\/p>\n<h2 style=\"text-align: center;\">2. <strong>Playa d&rsquo;es Carb\u00f3<\/strong>: La Joya Escondida (Le joyau cach\u00e9)<\/h2>\n<p style=\"text-align: center;\">Plage spectaculaire et pr\u00e9serv\u00e9e \u00e0 1,5 km du phare de <a href=\"https:\/\/grupoberna.info\/ses-salines\/\">Ses Salines<\/a>. Certainement l&rsquo;une des plus belles parmi les 6 meilleures plages locales.<\/p>\n<p style=\"text-align: center;\"><img decoding=\"async\" class=\"lazyload alignnone wp-image-1983\" src=\"https:\/\/grupoberna.info\/wp-content\/uploads\/2021\/08\/playa-colonia-mallorca.jpg\" data-orig-src=\"https:\/\/grupoberna.info\/wp-content\/uploads\/2021\/08\/playa-colonia-mallorca.jpg\" alt=\"Es Carb\u00f3\" width=\"576\" height=\"250\" srcset=\"data:image\/svg+xml,%3Csvg%20xmlns%3D%27http%3A%2F%2Fwww.w3.org%2F2000%2Fsvg%27%20width%3D%27576%27%20height%3D%27250%27%20viewBox%3D%270%200%20576%20250%27%3E%3Crect%20width%3D%27576%27%20height%3D%27250%27%20fill-opacity%3D%220%22%2F%3E%3C%2Fsvg%3E\" data-srcset=\"https:\/\/grupoberna.info\/wp-content\/uploads\/2021\/08\/playa-colonia-mallorca-200x87.jpg 200w, https:\/\/grupoberna.info\/wp-content\/uploads\/2021\/08\/playa-colonia-mallorca-300x130.jpg 300w, https:\/\/grupoberna.info\/wp-content\/uploads\/2021\/08\/playa-colonia-mallorca-400x174.jpg 400w, https:\/\/grupoberna.info\/wp-content\/uploads\/2021\/08\/playa-colonia-mallorca-600x261.jpg 600w, https:\/\/grupoberna.info\/wp-content\/uploads\/2021\/08\/playa-colonia-mallorca-768x333.jpg 768w, https:\/\/grupoberna.info\/wp-content\/uploads\/2021\/08\/playa-colonia-mallorca-800x347.jpg 800w, https:\/\/grupoberna.info\/wp-content\/uploads\/2021\/08\/playa-colonia-mallorca-1024x445.jpg 1024w, https:\/\/grupoberna.info\/wp-content\/uploads\/2021\/08\/playa-colonia-mallorca-1200x521.jpg 1200w, https:\/\/grupoberna.info\/wp-content\/uploads\/2021\/08\/playa-colonia-mallorca-1536x667.jpg 1536w, https:\/\/grupoberna.info\/wp-content\/uploads\/2021\/08\/playa-colonia-mallorca.jpg 1808w\" data-sizes=\"auto\" data-orig-sizes=\"(max-width: 576px) 100vw, 576px\" \/><\/p>\n<h2 style=\"text-align: center;\">3. <strong>Cala Galiota<\/strong>: la plage urbaine tranquille<\/h2>\n<p style=\"text-align: center;\">Parfait pour les familles, avec des eaux calmes et des services \u00e0 proximit\u00e9.<\/p>\n<p style=\"text-align: center;\"><img decoding=\"async\" class=\"lazyload alignnone wp-image-6219\" src=\"https:\/\/grupoberna.info\/wp-content\/uploads\/2026\/02\/CalaGaliota.jpg\" data-orig-src=\"https:\/\/grupoberna.info\/wp-content\/uploads\/2026\/02\/CalaGaliota.jpg\" alt=\"\" width=\"574\" height=\"359\" srcset=\"data:image\/svg+xml,%3Csvg%20xmlns%3D%27http%3A%2F%2Fwww.w3.org%2F2000%2Fsvg%27%20width%3D%27574%27%20height%3D%27359%27%20viewBox%3D%270%200%20574%20359%27%3E%3Crect%20width%3D%27574%27%20height%3D%27359%27%20fill-opacity%3D%220%22%2F%3E%3C%2Fsvg%3E\" data-srcset=\"https:\/\/grupoberna.info\/wp-content\/uploads\/2026\/02\/CalaGaliota-200x125.jpg 200w, https:\/\/grupoberna.info\/wp-content\/uploads\/2026\/02\/CalaGaliota-300x188.jpg 300w, https:\/\/grupoberna.info\/wp-content\/uploads\/2026\/02\/CalaGaliota-400x250.jpg 400w, https:\/\/grupoberna.info\/wp-content\/uploads\/2026\/02\/CalaGaliota-600x375.jpg 600w, https:\/\/grupoberna.info\/wp-content\/uploads\/2026\/02\/CalaGaliota-768x480.jpg 768w, https:\/\/grupoberna.info\/wp-content\/uploads\/2026\/02\/CalaGaliota.jpg 800w\" data-sizes=\"auto\" data-orig-sizes=\"(max-width: 574px) 100vw, 574px\" \/><\/p>\n<h2 style=\"text-align: center;\">4. <strong>Es Port<\/strong>: La plage du Port<\/h2>\n<p style=\"text-align: center;\">Sable dor\u00e9 et atmosph\u00e8re authentique de bord de mer dans le port.<\/p>\n<p style=\"text-align: center;\"><img decoding=\"async\" class=\"lazyload alignnone wp-image-2040\" src=\"data:image\/svg+xml,%3Csvg%20xmlns%3D%27http%3A%2F%2Fwww.w3.org%2F2000%2Fsvg%27%20width%3D%27568%27%20height%3D%27297%27%20viewBox%3D%270%200%20568%20297%27%3E%3Crect%20width%3D%27568%27%20height%3D%27297%27%20fill-opacity%3D%220%22%2F%3E%3C%2Fsvg%3E\" data-orig-src=\"https:\/\/grupoberna.info\/wp-content\/uploads\/2021\/08\/puerto_colonia.png\" alt=\"\" width=\"568\" height=\"297\"><\/p>\n<h2 style=\"text-align: center;\">5. <strong>Sa Bassa des Cabots<\/strong>: La crique locale<\/h2>\n<p style=\"text-align: center;\">Tranquillit\u00e9 et atmosph\u00e8re authentique de village de p\u00eacheurs.<\/p>\n<p style=\"text-align: center;\"><img decoding=\"async\" class=\"lazyload alignnone wp-image-6215\" src=\"https:\/\/grupoberna.info\/wp-content\/uploads\/2026\/02\/BASSA-CABOTS.jpeg\" data-orig-src=\"https:\/\/grupoberna.info\/wp-content\/uploads\/2026\/02\/BASSA-CABOTS.jpeg\" alt=\"\" width=\"568\" height=\"307\" srcset=\"data:image\/svg+xml,%3Csvg%20xmlns%3D%27http%3A%2F%2Fwww.w3.org%2F2000%2Fsvg%27%20width%3D%27568%27%20height%3D%27307%27%20viewBox%3D%270%200%20568%20307%27%3E%3Crect%20width%3D%27568%27%20height%3D%27307%27%20fill-opacity%3D%220%22%2F%3E%3C%2Fsvg%3E\" data-srcset=\"https:\/\/grupoberna.info\/wp-content\/uploads\/2026\/02\/BASSA-CABOTS-200x108.jpeg 200w, https:\/\/grupoberna.info\/wp-content\/uploads\/2026\/02\/BASSA-CABOTS-300x162.jpeg 300w, https:\/\/grupoberna.info\/wp-content\/uploads\/2026\/02\/BASSA-CABOTS-400x216.jpeg 400w, https:\/\/grupoberna.info\/wp-content\/uploads\/2026\/02\/BASSA-CABOTS-600x324.jpeg 600w, https:\/\/grupoberna.info\/wp-content\/uploads\/2026\/02\/BASSA-CABOTS.jpeg 740w\" data-sizes=\"auto\" data-orig-sizes=\"(max-width: 568px) 100vw, 568px\" \/><\/p>\n<h2 style=\"text-align: center;\">6. Plage de Dol\u00e7 : vues de Cabrera<\/h2>\n<p style=\"text-align: center;\">Emplacement : A <a href=\"https:\/\/visitsessalinescolonia.com\/es\/inicio\/\">Colonia de Sant Jordi<\/a>, pr\u00e8s du port.<\/p>\n<p style=\"text-align: center;\">Plage de sable avec vue sur l&rsquo;\u00eele de Cabrera. Large, avec des services complets et de petites vagues, parfaite pour les familles avec des enfants en bas \u00e2ge. <\/p>\n<p><img decoding=\"async\" class=\"lazyload alignnone wp-image-6267 aligncenter\" src=\"https:\/\/grupoberna.info\/wp-content\/uploads\/2026\/02\/48-1.jpg\" data-orig-src=\"https:\/\/grupoberna.info\/wp-content\/uploads\/2026\/02\/48-1.jpg\" alt=\"\" width=\"594\" height=\"396\" srcset=\"data:image\/svg+xml,%3Csvg%20xmlns%3D%27http%3A%2F%2Fwww.w3.org%2F2000%2Fsvg%27%20width%3D%27594%27%20height%3D%27396%27%20viewBox%3D%270%200%20594%20396%27%3E%3Crect%20width%3D%27594%27%20height%3D%27396%27%20fill-opacity%3D%220%22%2F%3E%3C%2Fsvg%3E\" data-srcset=\"https:\/\/grupoberna.info\/wp-content\/uploads\/2026\/02\/48-1-200x133.jpg 200w, https:\/\/grupoberna.info\/wp-content\/uploads\/2026\/02\/48-1-300x200.jpg 300w, https:\/\/grupoberna.info\/wp-content\/uploads\/2026\/02\/48-1-400x267.jpg 400w, https:\/\/grupoberna.info\/wp-content\/uploads\/2026\/02\/48-1-600x400.jpg 600w, https:\/\/grupoberna.info\/wp-content\/uploads\/2026\/02\/48-1.jpg 700w\" data-sizes=\"auto\" data-orig-sizes=\"(max-width: 594px) 100vw, 594px\" \/><\/p>\n<h2 style=\"text-align: center;\">O\u00f9 s\u00e9journer ? Colonia Sant Jordi est le point strat\u00e9gique id\u00e9al pour acc\u00e9der \u00e0 certaines des 6 meilleures plages. <\/h2>\n<\/div><\/div><\/div><\/div><\/div><\/p>\n","protected":false},"excerpt":{"rendered":"","protected":false},"author":1,"featured_media":0,"parent":0,"menu_order":0,"comment_status":"closed","ping_status":"closed","template":"100-width.php","meta":{"footnotes":""},"class_list":["post-6174","page","type-page","status-publish","hentry"],"yoast_head":"<!-- This site is optimized with the Yoast SEO plugin v21.5 - https:\/\/yoast.com\/wordpress\/plugins\/seo\/ -->\n<title>Les 6 meilleures plages de Colonia Sant Jordi, toutes avec du sable fin.<\/title>\n<meta name=\"description\" content=\"Les 6 meilleures plages de Colonia Sant Jordi sont accessibles \u00e0 pied, et vous \u00eates s\u00fbr de trouver l&#039;une d&#039;entre elles \u00e0 moins de 5 minutes du logement que vous avez choisi.\" \/>\n<meta name=\"robots\" content=\"index, follow, max-snippet:-1, max-image-preview:large, max-video-preview:-1\" \/>\n<link rel=\"canonical\" href=\"https:\/\/grupoberna.info\/fr\/les-5-meilleures-plages-de-colonia-sant-jordi\/\" \/>\n<meta property=\"og:locale\" content=\"fr_FR\" \/>\n<meta property=\"og:type\" content=\"article\" \/>\n<meta property=\"og:title\" content=\"Les 6 meilleures plages de Colonia Sant Jordi, toutes avec du sable fin.\" \/>\n<meta property=\"og:description\" content=\"Les 6 meilleures plages de Colonia Sant Jordi sont accessibles \u00e0 pied, et vous \u00eates s\u00fbr de trouver l&#039;une d&#039;entre elles \u00e0 moins de 5 minutes du logement que vous avez choisi.\" \/>\n<meta property=\"og:url\" content=\"https:\/\/grupoberna.info\/fr\/les-5-meilleures-plages-de-colonia-sant-jordi\/\" \/>\n<meta property=\"og:site_name\" content=\"Apartamentos tur\u00edsticos y viviendas vacacionales\" \/>\n<meta property=\"article:publisher\" content=\"https:\/\/es-es.facebook.com\/grupobernacoloniadesantjordi\/\" \/>\n<meta property=\"article:modified_time\" content=\"2026-03-09T20:07:23+00:00\" \/>\n<meta property=\"og:image\" content=\"https:\/\/grupoberna.info\/wp-content\/uploads\/2022\/12\/es-trenc-mallorca2-grupo-berna.jpg\" \/>\n<meta name=\"twitter:card\" content=\"summary_large_image\" \/>\n<meta name=\"twitter:label1\" content=\"Dur\u00e9e de lecture estim\u00e9e\" \/>\n\t<meta name=\"twitter:data1\" content=\"6 minutes\" \/>\n<script type=\"application\/ld+json\" class=\"yoast-schema-graph\">{\"@context\":\"https:\/\/schema.org\",\"@graph\":[{\"@type\":\"WebPage\",\"@id\":\"https:\/\/grupoberna.info\/fr\/les-5-meilleures-plages-de-colonia-sant-jordi\/\",\"url\":\"https:\/\/grupoberna.info\/fr\/les-5-meilleures-plages-de-colonia-sant-jordi\/\",\"name\":\"Les 6 meilleures plages de Colonia Sant Jordi, toutes avec du sable fin.\",\"isPartOf\":{\"@id\":\"https:\/\/grupoberna.info\/#website\"},\"datePublished\":\"2026-02-19T17:09:48+00:00\",\"dateModified\":\"2026-03-09T20:07:23+00:00\",\"description\":\"Les 6 meilleures plages de Colonia Sant Jordi sont accessibles \u00e0 pied, et vous \u00eates s\u00fbr de trouver l'une d'entre elles \u00e0 moins de 5 minutes du logement que vous avez choisi.\",\"breadcrumb\":{\"@id\":\"https:\/\/grupoberna.info\/fr\/les-5-meilleures-plages-de-colonia-sant-jordi\/#breadcrumb\"},\"inLanguage\":\"fr-FR\",\"potentialAction\":[{\"@type\":\"ReadAction\",\"target\":[\"https:\/\/grupoberna.info\/fr\/les-5-meilleures-plages-de-colonia-sant-jordi\/\"]}]},{\"@type\":\"BreadcrumbList\",\"@id\":\"https:\/\/grupoberna.info\/fr\/les-5-meilleures-plages-de-colonia-sant-jordi\/#breadcrumb\",\"itemListElement\":[{\"@type\":\"ListItem\",\"position\":1,\"name\":\"Portada\",\"item\":\"https:\/\/grupoberna.info\/fr\/appartements-et-villas-berna-group\/\"},{\"@type\":\"ListItem\",\"position\":2,\"name\":\"Les 6 meilleures plages de Colonia Sant Jordi\"}]},{\"@type\":\"WebSite\",\"@id\":\"https:\/\/grupoberna.info\/#website\",\"url\":\"https:\/\/grupoberna.info\/\",\"name\":\"Apartamentos tur\u00edsticos y viviendas vacacionales\",\"description\":\"Apartamentos y villas | Es Trenc - Mallorca -Espa\u00f1a\",\"publisher\":{\"@id\":\"https:\/\/grupoberna.info\/#organization\"},\"potentialAction\":[{\"@type\":\"SearchAction\",\"target\":{\"@type\":\"EntryPoint\",\"urlTemplate\":\"https:\/\/grupoberna.info\/?s={search_term_string}\"},\"query-input\":\"required name=search_term_string\"}],\"inLanguage\":\"fr-FR\"},{\"@type\":\"Organization\",\"@id\":\"https:\/\/grupoberna.info\/#organization\",\"name\":\"Apartamentos tur\u00edsticos y viviendas vacacionales\",\"url\":\"https:\/\/grupoberna.info\/\",\"logo\":{\"@type\":\"ImageObject\",\"inLanguage\":\"fr-FR\",\"@id\":\"https:\/\/grupoberna.info\/#\/schema\/logo\/image\/\",\"url\":\"https:\/\/grupoberna.info\/wp-content\/uploads\/2021\/08\/Grupo-berna-azul.png\",\"contentUrl\":\"https:\/\/grupoberna.info\/wp-content\/uploads\/2021\/08\/Grupo-berna-azul.png\",\"width\":274,\"height\":120,\"caption\":\"Apartamentos tur\u00edsticos y viviendas vacacionales\"},\"image\":{\"@id\":\"https:\/\/grupoberna.info\/#\/schema\/logo\/image\/\"},\"sameAs\":[\"https:\/\/es-es.facebook.com\/grupobernacoloniadesantjordi\/\",\"https:\/\/www.instagram.com\/grupo_berna\/\"]}]}<\/script>\n<!-- \/ Yoast SEO plugin. -->","yoast_head_json":{"title":"Les 6 meilleures plages de Colonia Sant Jordi, toutes avec du sable fin.","description":"Les 6 meilleures plages de Colonia Sant Jordi sont accessibles \u00e0 pied, et vous \u00eates s\u00fbr de trouver l'une d'entre elles \u00e0 moins de 5 minutes du logement que vous avez choisi.","robots":{"index":"index","follow":"follow","max-snippet":"max-snippet:-1","max-image-preview":"max-image-preview:large","max-video-preview":"max-video-preview:-1"},"canonical":"https:\/\/grupoberna.info\/fr\/les-5-meilleures-plages-de-colonia-sant-jordi\/","og_locale":"fr_FR","og_type":"article","og_title":"Les 6 meilleures plages de Colonia Sant Jordi, toutes avec du sable fin.","og_description":"Les 6 meilleures plages de Colonia Sant Jordi sont accessibles \u00e0 pied, et vous \u00eates s\u00fbr de trouver l'une d'entre elles \u00e0 moins de 5 minutes du logement que vous avez choisi.","og_url":"https:\/\/grupoberna.info\/fr\/les-5-meilleures-plages-de-colonia-sant-jordi\/","og_site_name":"Apartamentos tur\u00edsticos y viviendas vacacionales","article_publisher":"https:\/\/es-es.facebook.com\/grupobernacoloniadesantjordi\/","article_modified_time":"2026-03-09T20:07:23+00:00","og_image":[{"url":"https:\/\/grupoberna.info\/wp-content\/uploads\/2022\/12\/es-trenc-mallorca2-grupo-berna.jpg"}],"twitter_card":"summary_large_image","twitter_misc":{"Dur\u00e9e de lecture estim\u00e9e":"6 minutes"},"schema":{"@context":"https:\/\/schema.org","@graph":[{"@type":"WebPage","@id":"https:\/\/grupoberna.info\/fr\/les-5-meilleures-plages-de-colonia-sant-jordi\/","url":"https:\/\/grupoberna.info\/fr\/les-5-meilleures-plages-de-colonia-sant-jordi\/","name":"Les 6 meilleures plages de Colonia Sant Jordi, toutes avec du sable fin.","isPartOf":{"@id":"https:\/\/grupoberna.info\/#website"},"datePublished":"2026-02-19T17:09:48+00:00","dateModified":"2026-03-09T20:07:23+00:00","description":"Les 6 meilleures plages de Colonia Sant Jordi sont accessibles \u00e0 pied, et vous \u00eates s\u00fbr de trouver l'une d'entre elles \u00e0 moins de 5 minutes du logement que vous avez choisi.","breadcrumb":{"@id":"https:\/\/grupoberna.info\/fr\/les-5-meilleures-plages-de-colonia-sant-jordi\/#breadcrumb"},"inLanguage":"fr-FR","potentialAction":[{"@type":"ReadAction","target":["https:\/\/grupoberna.info\/fr\/les-5-meilleures-plages-de-colonia-sant-jordi\/"]}]},{"@type":"BreadcrumbList","@id":"https:\/\/grupoberna.info\/fr\/les-5-meilleures-plages-de-colonia-sant-jordi\/#breadcrumb","itemListElement":[{"@type":"ListItem","position":1,"name":"Portada","item":"https:\/\/grupoberna.info\/fr\/appartements-et-villas-berna-group\/"},{"@type":"ListItem","position":2,"name":"Les 6 meilleures plages de Colonia Sant Jordi"}]},{"@type":"WebSite","@id":"https:\/\/grupoberna.info\/#website","url":"https:\/\/grupoberna.info\/","name":"Apartamentos tur\u00edsticos y viviendas vacacionales","description":"Apartamentos y villas | Es Trenc - Mallorca -Espa\u00f1a","publisher":{"@id":"https:\/\/grupoberna.info\/#organization"},"potentialAction":[{"@type":"SearchAction","target":{"@type":"EntryPoint","urlTemplate":"https:\/\/grupoberna.info\/?s={search_term_string}"},"query-input":"required name=search_term_string"}],"inLanguage":"fr-FR"},{"@type":"Organization","@id":"https:\/\/grupoberna.info\/#organization","name":"Apartamentos tur\u00edsticos y viviendas vacacionales","url":"https:\/\/grupoberna.info\/","logo":{"@type":"ImageObject","inLanguage":"fr-FR","@id":"https:\/\/grupoberna.info\/#\/schema\/logo\/image\/","url":"https:\/\/grupoberna.info\/wp-content\/uploads\/2021\/08\/Grupo-berna-azul.png","contentUrl":"https:\/\/grupoberna.info\/wp-content\/uploads\/2021\/08\/Grupo-berna-azul.png","width":274,"height":120,"caption":"Apartamentos tur\u00edsticos y viviendas vacacionales"},"image":{"@id":"https:\/\/grupoberna.info\/#\/schema\/logo\/image\/"},"sameAs":["https:\/\/es-es.facebook.com\/grupobernacoloniadesantjordi\/","https:\/\/www.instagram.com\/grupo_berna\/"]}]}},"_links":{"self":[{"href":"https:\/\/grupoberna.info\/fr\/wp-json\/wp\/v2\/pages\/6174","targetHints":{"allow":["GET"]}}],"collection":[{"href":"https:\/\/grupoberna.info\/fr\/wp-json\/wp\/v2\/pages"}],"about":[{"href":"https:\/\/grupoberna.info\/fr\/wp-json\/wp\/v2\/types\/page"}],"author":[{"embeddable":true,"href":"https:\/\/grupoberna.info\/fr\/wp-json\/wp\/v2\/users\/1"}],"replies":[{"embeddable":true,"href":"https:\/\/grupoberna.info\/fr\/wp-json\/wp\/v2\/comments?post=6174"}],"version-history":[{"count":6,"href":"https:\/\/grupoberna.info\/fr\/wp-json\/wp\/v2\/pages\/6174\/revisions"}],"predecessor-version":[{"id":6737,"href":"https:\/\/grupoberna.info\/fr\/wp-json\/wp\/v2\/pages\/6174\/revisions\/6737"}],"wp:attachment":[{"href":"https:\/\/grupoberna.info\/fr\/wp-json\/wp\/v2\/media?parent=6174"}],"curies":[{"name":"wp","href":"https:\/\/api.w.org\/{rel}","templated":true}]}}