{"id":6300,"date":"2026-02-27T08:04:05","date_gmt":"2026-02-27T08:04:05","guid":{"rendered":"https:\/\/grupoberna.info\/?page_id=6300"},"modified":"2026-03-09T19:51:35","modified_gmt":"2026-03-09T19:51:35","slug":"cala-pi-majorque-guide-complet","status":"publish","type":"page","link":"https:\/\/grupoberna.info\/fr\/cala-pi-majorque-guide-complet\/","title":{"rendered":"Cala Pi Majorque : Guide complet"},"content":{"rendered":"<p><div class=\"fusion-fullwidth fullwidth-box fusion-builder-row-1 fusion-flex-container has-pattern-background has-mask-background nonhundred-percent-fullwidth non-hundred-percent-height-scrolling\" style=\"--awb-border-radius-top-left:0px;--awb-border-radius-top-right:0px;--awb-border-radius-bottom-right:0px;--awb-border-radius-bottom-left:0px;--awb-padding-top:80px;--awb-padding-bottom:80px;--awb-background-color:#1e73be;\" ><div class=\"fusion-builder-row fusion-row fusion-flex-align-items-flex-start\" style=\"max-width:1365px;margin-left: calc(-5% \/ 2 );margin-right: calc(-5% \/ 2 );\"><div class=\"fusion-layout-column fusion_builder_column fusion-builder-column-0 fusion_builder_column_1_1 1_1 fusion-flex-column\" style=\"--awb-bg-size:cover;--awb-width-large:100%;--awb-margin-top-large:0px;--awb-spacing-right-large:2.375%;--awb-margin-bottom-large:20px;--awb-spacing-left-large:2.375%;--awb-width-medium:100%;--awb-order-medium:0;--awb-spacing-right-medium:2.375%;--awb-spacing-left-medium:2.375%;--awb-width-small:100%;--awb-order-small:0;--awb-spacing-right-small:2.375%;--awb-spacing-left-small:2.375%;\"><div class=\"fusion-column-wrapper fusion-column-has-shadow fusion-flex-justify-content-flex-start fusion-content-layout-column\"><div class=\"fusion-title title fusion-title-1 fusion-sep-none fusion-title-center fusion-title-text fusion-title-size-one\" style=\"--awb-text-color:#ffffff;--awb-margin-right:80px;--awb-margin-left:80px;\"><h1 class=\"title-heading-center\" style=\"margin:0;\"><h1><strong>\u00ab\u00a0Descubre la isla con Grupo Berna\u00a0\u00bb<\/strong><\/h1><\/h1><\/div><\/div><\/div><\/div><\/div><div class=\"fusion-fullwidth fullwidth-box fusion-builder-row-2 fusion-flex-container nonhundred-percent-fullwidth non-hundred-percent-height-scrolling\" style=\"--awb-border-radius-top-left:0px;--awb-border-radius-top-right:0px;--awb-border-radius-bottom-right:0px;--awb-border-radius-bottom-left:0px;\" ><div class=\"fusion-builder-row fusion-row fusion-flex-align-items-flex-start\" style=\"max-width:1365px;margin-left: calc(-5% \/ 2 );margin-right: calc(-5% \/ 2 );\"><div class=\"fusion-layout-column fusion_builder_column fusion-builder-column-1 fusion_builder_column_1_1 1_1 fusion-flex-column\" style=\"--awb-bg-size:cover;--awb-width-large:100%;--awb-margin-top-large:0px;--awb-spacing-right-large:2.375%;--awb-margin-bottom-large:0px;--awb-spacing-left-large:2.375%;--awb-width-medium:100%;--awb-spacing-right-medium:2.375%;--awb-spacing-left-medium:2.375%;--awb-width-small:100%;--awb-spacing-right-small:2.375%;--awb-spacing-left-small:2.375%;\"><div class=\"fusion-column-wrapper fusion-flex-justify-content-flex-start fusion-content-layout-column\"><div class=\"fusion-text fusion-text-1\"><p>Cala Pi est la crique la plus photog\u00e9nique du sud de Majorque, et ses 147 escaliers en pierre descendant dans l&rsquo;eau turquoise en ont fait une ic\u00f4ne d&rsquo;Instagram. Situ\u00e9e dans la commune de Llucmajor, \u00e0 seulement 40 minutes de Palma, elle allie beaut\u00e9 sauvage et accessibilit\u00e9. <\/p>\n<p>En conclusion, si vous \u00eates \u00e0 la recherche de la photo parfaite pour votre feed sans renoncer \u00e0 l&rsquo;authenticit\u00e9 m\u00e9diterran\u00e9enne, c&rsquo;est votre destination. Depuis nos appartements dans le sud de Majorque, vous pouvez d\u00e9couvrir ce joyau et son environnement naturel prot\u00e9g\u00e9. <\/p>\n<h2>1. Les 147 marches : la descente au paradis<\/h2>\n<p>L&rsquo;acc\u00e8s \u00e0 la crique est une exp\u00e9rience en soi. Un escalier de pierre serpente \u00e0 travers les pins et les falaises jusqu&rsquo;au niveau de la mer. Cette descente, bien qu&rsquo;exigeante, agit comme un filtre naturel qui permet \u00e0 la crique d&rsquo;\u00eatre moins fr\u00e9quent\u00e9e.  <\/p>\n<p>Conseils :<br \/>\n&#8211; Levez-vous t\u00f4t pour l&rsquo;escalier vide et la photo embl\u00e9matique sans touristes<br \/>\n&#8211; Non accessible aux personnes \u00e0 mobilit\u00e9 r\u00e9duite et aux poussettes<br \/>\n&#8211; Pr\u00e9voyez de l&rsquo;eau : la remont\u00e9e est fatigante en \u00e9t\u00e9.<\/p>\n<h2>2. El Mirador de Cala Pi : Photo Instagram<\/h2>\n<p>\u00c0 mi-chemin de l&rsquo;escalier, tournez \u00e0 gauche pour acc\u00e9der \u00e0 une plate-forme en pierre sur la falaise. La vue sur la crique est spectaculaire. Attention si vous avez le vertige : la hauteur est consid\u00e9rable.  <\/p>\n<p><img decoding=\"async\" class=\"lazyload alignnone wp-image-6278\" src=\"https:\/\/grupoberna.info\/wp-content\/uploads\/2026\/02\/Balcon.jpeg\" data-orig-src=\"https:\/\/grupoberna.info\/wp-content\/uploads\/2026\/02\/Balcon.jpeg\" alt=\"Point de vue Cala Pi\" width=\"575\" height=\"323\" srcset=\"data:image\/svg+xml,%3Csvg%20xmlns%3D%27http%3A%2F%2Fwww.w3.org%2F2000%2Fsvg%27%20width%3D%27575%27%20height%3D%27323%27%20viewBox%3D%270%200%20575%20323%27%3E%3Crect%20width%3D%27575%27%20height%3D%27323%27%20fill-opacity%3D%220%22%2F%3E%3C%2Fsvg%3E\" data-srcset=\"https:\/\/grupoberna.info\/wp-content\/uploads\/2026\/02\/Balcon-200x113.jpeg 200w, https:\/\/grupoberna.info\/wp-content\/uploads\/2026\/02\/Balcon-300x169.jpeg 300w, https:\/\/grupoberna.info\/wp-content\/uploads\/2026\/02\/Balcon-400x225.jpeg 400w, https:\/\/grupoberna.info\/wp-content\/uploads\/2026\/02\/Balcon-600x338.jpeg 600w, https:\/\/grupoberna.info\/wp-content\/uploads\/2026\/02\/Balcon-768x432.jpeg 768w, https:\/\/grupoberna.info\/wp-content\/uploads\/2026\/02\/Balcon-800x450.jpeg 800w, https:\/\/grupoberna.info\/wp-content\/uploads\/2026\/02\/Balcon-1024x576.jpeg 1024w, https:\/\/grupoberna.info\/wp-content\/uploads\/2026\/02\/Balcon.jpeg 1200w\" data-sizes=\"auto\" data-orig-sizes=\"(max-width: 575px) 100vw, 575px\" \/><\/p>\n<h2>3. plong\u00e9e avec tuba et plong\u00e9e sous-marine<\/h2>\n<p>En outre, la clart\u00e9 de l&rsquo;eau et la faible profondeur font de cette zone un excellent endroit pour la plong\u00e9e avec masque et tuba. Les fonds sablonneux abritent des poissons moines, des poulpes et des posidonies oc\u00e9aniques. <\/p>\n<p>Meilleure zone : autour des rochers de l&#8217;embouchure, o\u00f9 la profondeur atteint 3 \u00e0 5 m\u00e8tres.<\/p>\n<p><img decoding=\"async\" class=\"lazyload alignnone wp-image-6290\" src=\"https:\/\/grupoberna.info\/wp-content\/uploads\/2026\/02\/Snorkel.jpg\" data-orig-src=\"https:\/\/grupoberna.info\/wp-content\/uploads\/2026\/02\/Snorkel.jpg\" alt=\"Id\u00e9al pour la plong\u00e9e\" width=\"576\" height=\"324\" srcset=\"data:image\/svg+xml,%3Csvg%20xmlns%3D%27http%3A%2F%2Fwww.w3.org%2F2000%2Fsvg%27%20width%3D%27576%27%20height%3D%27324%27%20viewBox%3D%270%200%20576%20324%27%3E%3Crect%20width%3D%27576%27%20height%3D%27324%27%20fill-opacity%3D%220%22%2F%3E%3C%2Fsvg%3E\" data-srcset=\"https:\/\/grupoberna.info\/wp-content\/uploads\/2026\/02\/Snorkel-200x113.jpg 200w, https:\/\/grupoberna.info\/wp-content\/uploads\/2026\/02\/Snorkel-300x169.jpg 300w, https:\/\/grupoberna.info\/wp-content\/uploads\/2026\/02\/Snorkel-400x225.jpg 400w, https:\/\/grupoberna.info\/wp-content\/uploads\/2026\/02\/Snorkel-600x338.jpg 600w, https:\/\/grupoberna.info\/wp-content\/uploads\/2026\/02\/Snorkel-768x432.jpg 768w, https:\/\/grupoberna.info\/wp-content\/uploads\/2026\/02\/Snorkel-800x450.jpg 800w, https:\/\/grupoberna.info\/wp-content\/uploads\/2026\/02\/Snorkel-1024x576.jpg 1024w, https:\/\/grupoberna.info\/wp-content\/uploads\/2026\/02\/Snorkel.jpg 1200w\" data-sizes=\"auto\" data-orig-sizes=\"(max-width: 576px) 100vw, 576px\" \/><\/p>\n<h2>4. Naviguer jusqu&rsquo;\u00e0 la crique<\/h2>\n<p>Si vous disposez d&rsquo;un bateau ou si vous en louez un au Club N\u00e1utico S&rsquo;Estanyol de Migjorn (\u00e0 4,5 milles nautiques), atteindre Cala Pi par la mer est une exp\u00e9rience unique, et vous verrez \u00e9galement les falaises se teinter de rouge et d&rsquo;orange au coucher du soleil.<\/p>\n<p>Attention : Il y a 3 rochers dans l&#8217;embouchure. Entrez par la partie centrale o\u00f9 le sondeur marque 2-5 m\u00e8tres. <\/p>\n<p><img decoding=\"async\" class=\"lazyload alignnone wp-image-6282\" src=\"https:\/\/grupoberna.info\/wp-content\/uploads\/2026\/02\/Cala-pi-panoramica.jpg\" data-orig-src=\"https:\/\/grupoberna.info\/wp-content\/uploads\/2026\/02\/Cala-pi-panoramica.jpg\" alt=\"Entr\u00e9e de la crique\" width=\"550\" height=\"366\" srcset=\"data:image\/svg+xml,%3Csvg%20xmlns%3D%27http%3A%2F%2Fwww.w3.org%2F2000%2Fsvg%27%20width%3D%27550%27%20height%3D%27366%27%20viewBox%3D%270%200%20550%20366%27%3E%3Crect%20width%3D%27550%27%20height%3D%27366%27%20fill-opacity%3D%220%22%2F%3E%3C%2Fsvg%3E\" data-srcset=\"https:\/\/grupoberna.info\/wp-content\/uploads\/2026\/02\/Cala-pi-panoramica-200x133.jpg 200w, https:\/\/grupoberna.info\/wp-content\/uploads\/2026\/02\/Cala-pi-panoramica-300x200.jpg 300w, https:\/\/grupoberna.info\/wp-content\/uploads\/2026\/02\/Cala-pi-panoramica-400x266.jpg 400w, https:\/\/grupoberna.info\/wp-content\/uploads\/2026\/02\/Cala-pi-panoramica.jpg 500w\" data-sizes=\"auto\" data-orig-sizes=\"(max-width: 550px) 100vw, 550px\" \/><\/p>\n<h2>5. <a href=\"https:\/\/es.wikiloc.com\/wikiloc\/map.do?sw=39.343680754726904%2C2.8193049726683106&amp;ne=39.388899245273095%2C2.8777950273316892&amp;place=Cala%20Pi&amp;page=1\">Randonn\u00e9e<\/a>: Route de Cala Beltr\u00e1n<\/h2>\n<p>Pour les plus actifs, un sentier c\u00f4tier de 14 km (aller-retour) relie Cala Pi au Far de Cap Blanc, en passant par Cala Beltr\u00e1n (une petite crique plus sauvage) et la Tour (XVIIe si\u00e8cle).<\/p>\n<p>Dur\u00e9e : 4-5 heures | Difficult\u00e9 : Moyenne | Meilleure p\u00e9riode : Octobre-Mai<\/p>\n<p><img decoding=\"async\" class=\"lazyload alignnone wp-image-6286\" src=\"https:\/\/grupoberna.info\/wp-content\/uploads\/2026\/02\/calapi-vista-general.jpg\" data-orig-src=\"https:\/\/grupoberna.info\/wp-content\/uploads\/2026\/02\/calapi-vista-general.jpg\" alt=\"Cala Pi vue du ciel\" width=\"551\" height=\"310\" srcset=\"data:image\/svg+xml,%3Csvg%20xmlns%3D%27http%3A%2F%2Fwww.w3.org%2F2000%2Fsvg%27%20width%3D%27551%27%20height%3D%27310%27%20viewBox%3D%270%200%20551%20310%27%3E%3Crect%20width%3D%27551%27%20height%3D%27310%27%20fill-opacity%3D%220%22%2F%3E%3C%2Fsvg%3E\" data-srcset=\"https:\/\/grupoberna.info\/wp-content\/uploads\/2026\/02\/calapi-vista-general-200x113.jpg 200w, https:\/\/grupoberna.info\/wp-content\/uploads\/2026\/02\/calapi-vista-general-300x169.jpg 300w, https:\/\/grupoberna.info\/wp-content\/uploads\/2026\/02\/calapi-vista-general-400x225.jpg 400w, https:\/\/grupoberna.info\/wp-content\/uploads\/2026\/02\/calapi-vista-general-600x338.jpg 600w, https:\/\/grupoberna.info\/wp-content\/uploads\/2026\/02\/calapi-vista-general-768x432.jpg 768w, https:\/\/grupoberna.info\/wp-content\/uploads\/2026\/02\/calapi-vista-general-800x450.jpg 800w, https:\/\/grupoberna.info\/wp-content\/uploads\/2026\/02\/calapi-vista-general.jpg 888w\" data-sizes=\"auto\" data-orig-sizes=\"(max-width: 551px) 100vw, 551px\" \/><\/p>\n<h3>Services \u00e0 <a href=\"https:\/\/grupoberna.info\/cala-pi-vallgonera\/\">Cala Pi<\/a><\/h3>\n<p>&#8211; Chiringuito en haut des escaliers<br \/>\n&#8211; Location de chaises longues en haute saison<br \/>\n&#8211; Ma\u00eetre-nageur (juillet-ao\u00fbt)<br \/>\n&#8211; Toilettes \u00e0 l&rsquo;entr\u00e9e (pas sur la plage)<br \/>\n&#8211; Les jet-skis ne sont pas autoris\u00e9s<\/p>\n<h3>O\u00f9 s\u00e9journer pr\u00e8s de <a href=\"https:\/\/grupoberna.info\/casa-kribiza\/\">Cala Pi<\/a>?<\/h3>\n<p>Le Grupo Berna g\u00e8re des appartements de vacances situ\u00e9s \u00e0 des endroits strat\u00e9giques :<\/p>\n<p>&#8211; Dans l&rsquo;urbanisation de Cala Pi : acc\u00e8s \u00e0 pied (5 minutes)<br \/>\n&#8211; A Colonia Sant Jordi (20 min en voiture) : plus de services et de restaurants<br \/>\n&#8211; A Llucmajor (20 min en voiture) : prix bon march\u00e9 et ambiance locale<\/p>\n<p>[Voir les appartements disponibles] [Voir les appartements disponibles].<\/p>\n<h3>Meilleure p\u00e9riode pour visiter Cala Pi<\/h3>\n<p>&#8211; Mai-juin : eaux chaudes, crique semi-vide<br \/>\n&#8211; Juillet-ao\u00fbt : les plus fr\u00e9quent\u00e9s (arrivez avant 9h00)<br \/>\n&#8211; Septembre-octobre : Meilleure p\u00e9riode de l&rsquo;ann\u00e9e, eau chaude, couchers de soleil spectaculaires.<\/p>\n<p>FAQ<\/p>\n<p>Nager toute l&rsquo;ann\u00e9e ?<br \/>\nTechniquement oui, mais les services ne fonctionnent que de mai \u00e0 octobre.<\/p>\n<p>Y a-t-il des m\u00e9duses ?<br \/>\nOccasionnellement en \u00e9t\u00e9, comme c&rsquo;est le cas dans toute la M\u00e9diterran\u00e9e. La crique est prot\u00e9g\u00e9e par les falaises. <\/p>\n<p>Est-il possible d&#8217;emmener un chien ?<br \/>\nInterdit en haute saison (juin-septembre). Hors saison, en laisse. <\/p>\n<p>Auteur : \u00c9quipe du Groupe de Berne | Mise \u00e0 jour : f\u00e9vrier 2026 | Temps de lecture : 10 minutes<\/p>\n<\/div><\/div><\/div><\/div><\/div><\/p>\n","protected":false},"excerpt":{"rendered":"","protected":false},"author":1,"featured_media":6296,"parent":0,"menu_order":0,"comment_status":"closed","ping_status":"closed","template":"100-width.php","meta":{"footnotes":""},"class_list":["post-6300","page","type-page","status-publish","has-post-thumbnail","hentry"],"yoast_head":"<!-- This site is optimized with the Yoast SEO plugin v21.5 - https:\/\/yoast.com\/wordpress\/plugins\/seo\/ -->\n<title>Cala Pi Mallorca : Guide complet du paradis de la randonn\u00e9e et du snorkeling<\/title>\n<meta name=\"description\" content=\"Cala Pi est la crique la plus photog\u00e9nique du sud de Majorque. Ses 147 marches en pierre descendent jusqu&#039;\u00e0 l&#039;eau turquoise. Venez au paradis.\" \/>\n<meta name=\"robots\" content=\"index, follow, max-snippet:-1, max-image-preview:large, max-video-preview:-1\" \/>\n<link rel=\"canonical\" href=\"https:\/\/grupoberna.info\/fr\/cala-pi-majorque-guide-complet\/\" \/>\n<meta property=\"og:locale\" content=\"fr_FR\" \/>\n<meta property=\"og:type\" content=\"article\" \/>\n<meta property=\"og:title\" content=\"Cala Pi Mallorca : Guide complet du paradis de la randonn\u00e9e et du snorkeling\" \/>\n<meta property=\"og:description\" content=\"Cala Pi est la crique la plus photog\u00e9nique du sud de Majorque. Ses 147 marches en pierre descendent jusqu&#039;\u00e0 l&#039;eau turquoise. Venez au paradis.\" \/>\n<meta property=\"og:url\" content=\"https:\/\/grupoberna.info\/fr\/cala-pi-majorque-guide-complet\/\" \/>\n<meta property=\"og:site_name\" content=\"Apartamentos tur\u00edsticos y viviendas vacacionales\" \/>\n<meta property=\"article:publisher\" content=\"https:\/\/es-es.facebook.com\/grupobernacoloniadesantjordi\/\" \/>\n<meta property=\"article:modified_time\" content=\"2026-03-09T19:51:35+00:00\" \/>\n<meta property=\"og:image\" content=\"https:\/\/grupoberna.info\/wp-content\/uploads\/2026\/02\/Vista-desde-Arriba.jpg\" \/>\n\t<meta property=\"og:image:width\" content=\"640\" \/>\n\t<meta property=\"og:image:height\" content=\"427\" \/>\n\t<meta property=\"og:image:type\" content=\"image\/jpeg\" \/>\n<meta name=\"twitter:card\" content=\"summary_large_image\" \/>\n<meta name=\"twitter:label1\" content=\"Dur\u00e9e de lecture estim\u00e9e\" \/>\n\t<meta name=\"twitter:data1\" content=\"4 minutes\" \/>\n<script type=\"application\/ld+json\" class=\"yoast-schema-graph\">{\"@context\":\"https:\/\/schema.org\",\"@graph\":[{\"@type\":\"WebPage\",\"@id\":\"https:\/\/grupoberna.info\/fr\/cala-pi-majorque-guide-complet\/\",\"url\":\"https:\/\/grupoberna.info\/fr\/cala-pi-majorque-guide-complet\/\",\"name\":\"Cala Pi Mallorca : Guide complet du paradis de la randonn\u00e9e et du snorkeling\",\"isPartOf\":{\"@id\":\"https:\/\/grupoberna.info\/#website\"},\"datePublished\":\"2026-02-27T08:04:05+00:00\",\"dateModified\":\"2026-03-09T19:51:35+00:00\",\"description\":\"Cala Pi est la crique la plus photog\u00e9nique du sud de Majorque. Ses 147 marches en pierre descendent jusqu'\u00e0 l'eau turquoise. Venez au paradis.\",\"breadcrumb\":{\"@id\":\"https:\/\/grupoberna.info\/fr\/cala-pi-majorque-guide-complet\/#breadcrumb\"},\"inLanguage\":\"fr-FR\",\"potentialAction\":[{\"@type\":\"ReadAction\",\"target\":[\"https:\/\/grupoberna.info\/fr\/cala-pi-majorque-guide-complet\/\"]}]},{\"@type\":\"BreadcrumbList\",\"@id\":\"https:\/\/grupoberna.info\/fr\/cala-pi-majorque-guide-complet\/#breadcrumb\",\"itemListElement\":[{\"@type\":\"ListItem\",\"position\":1,\"name\":\"Portada\",\"item\":\"https:\/\/grupoberna.info\/fr\/appartements-et-villas-berna-group\/\"},{\"@type\":\"ListItem\",\"position\":2,\"name\":\"Cala Pi Majorque : Guide complet\"}]},{\"@type\":\"WebSite\",\"@id\":\"https:\/\/grupoberna.info\/#website\",\"url\":\"https:\/\/grupoberna.info\/\",\"name\":\"Apartamentos tur\u00edsticos y viviendas vacacionales\",\"description\":\"Apartamentos y villas | Es Trenc - Mallorca -Espa\u00f1a\",\"publisher\":{\"@id\":\"https:\/\/grupoberna.info\/#organization\"},\"potentialAction\":[{\"@type\":\"SearchAction\",\"target\":{\"@type\":\"EntryPoint\",\"urlTemplate\":\"https:\/\/grupoberna.info\/?s={search_term_string}\"},\"query-input\":\"required name=search_term_string\"}],\"inLanguage\":\"fr-FR\"},{\"@type\":\"Organization\",\"@id\":\"https:\/\/grupoberna.info\/#organization\",\"name\":\"Apartamentos tur\u00edsticos y viviendas vacacionales\",\"url\":\"https:\/\/grupoberna.info\/\",\"logo\":{\"@type\":\"ImageObject\",\"inLanguage\":\"fr-FR\",\"@id\":\"https:\/\/grupoberna.info\/#\/schema\/logo\/image\/\",\"url\":\"https:\/\/grupoberna.info\/wp-content\/uploads\/2021\/08\/Grupo-berna-azul.png\",\"contentUrl\":\"https:\/\/grupoberna.info\/wp-content\/uploads\/2021\/08\/Grupo-berna-azul.png\",\"width\":274,\"height\":120,\"caption\":\"Apartamentos tur\u00edsticos y viviendas vacacionales\"},\"image\":{\"@id\":\"https:\/\/grupoberna.info\/#\/schema\/logo\/image\/\"},\"sameAs\":[\"https:\/\/es-es.facebook.com\/grupobernacoloniadesantjordi\/\",\"https:\/\/www.instagram.com\/grupo_berna\/\"]}]}<\/script>\n<!-- \/ Yoast SEO plugin. -->","yoast_head_json":{"title":"Cala Pi Mallorca : Guide complet du paradis de la randonn\u00e9e et du snorkeling","description":"Cala Pi est la crique la plus photog\u00e9nique du sud de Majorque. Ses 147 marches en pierre descendent jusqu'\u00e0 l'eau turquoise. Venez au paradis.","robots":{"index":"index","follow":"follow","max-snippet":"max-snippet:-1","max-image-preview":"max-image-preview:large","max-video-preview":"max-video-preview:-1"},"canonical":"https:\/\/grupoberna.info\/fr\/cala-pi-majorque-guide-complet\/","og_locale":"fr_FR","og_type":"article","og_title":"Cala Pi Mallorca : Guide complet du paradis de la randonn\u00e9e et du snorkeling","og_description":"Cala Pi est la crique la plus photog\u00e9nique du sud de Majorque. Ses 147 marches en pierre descendent jusqu'\u00e0 l'eau turquoise. Venez au paradis.","og_url":"https:\/\/grupoberna.info\/fr\/cala-pi-majorque-guide-complet\/","og_site_name":"Apartamentos tur\u00edsticos y viviendas vacacionales","article_publisher":"https:\/\/es-es.facebook.com\/grupobernacoloniadesantjordi\/","article_modified_time":"2026-03-09T19:51:35+00:00","og_image":[{"width":640,"height":427,"url":"https:\/\/grupoberna.info\/wp-content\/uploads\/2026\/02\/Vista-desde-Arriba.jpg","type":"image\/jpeg"}],"twitter_card":"summary_large_image","twitter_misc":{"Dur\u00e9e de lecture estim\u00e9e":"4 minutes"},"schema":{"@context":"https:\/\/schema.org","@graph":[{"@type":"WebPage","@id":"https:\/\/grupoberna.info\/fr\/cala-pi-majorque-guide-complet\/","url":"https:\/\/grupoberna.info\/fr\/cala-pi-majorque-guide-complet\/","name":"Cala Pi Mallorca : Guide complet du paradis de la randonn\u00e9e et du snorkeling","isPartOf":{"@id":"https:\/\/grupoberna.info\/#website"},"datePublished":"2026-02-27T08:04:05+00:00","dateModified":"2026-03-09T19:51:35+00:00","description":"Cala Pi est la crique la plus photog\u00e9nique du sud de Majorque. Ses 147 marches en pierre descendent jusqu'\u00e0 l'eau turquoise. Venez au paradis.","breadcrumb":{"@id":"https:\/\/grupoberna.info\/fr\/cala-pi-majorque-guide-complet\/#breadcrumb"},"inLanguage":"fr-FR","potentialAction":[{"@type":"ReadAction","target":["https:\/\/grupoberna.info\/fr\/cala-pi-majorque-guide-complet\/"]}]},{"@type":"BreadcrumbList","@id":"https:\/\/grupoberna.info\/fr\/cala-pi-majorque-guide-complet\/#breadcrumb","itemListElement":[{"@type":"ListItem","position":1,"name":"Portada","item":"https:\/\/grupoberna.info\/fr\/appartements-et-villas-berna-group\/"},{"@type":"ListItem","position":2,"name":"Cala Pi Majorque : Guide complet"}]},{"@type":"WebSite","@id":"https:\/\/grupoberna.info\/#website","url":"https:\/\/grupoberna.info\/","name":"Apartamentos tur\u00edsticos y viviendas vacacionales","description":"Apartamentos y villas | Es Trenc - Mallorca -Espa\u00f1a","publisher":{"@id":"https:\/\/grupoberna.info\/#organization"},"potentialAction":[{"@type":"SearchAction","target":{"@type":"EntryPoint","urlTemplate":"https:\/\/grupoberna.info\/?s={search_term_string}"},"query-input":"required name=search_term_string"}],"inLanguage":"fr-FR"},{"@type":"Organization","@id":"https:\/\/grupoberna.info\/#organization","name":"Apartamentos tur\u00edsticos y viviendas vacacionales","url":"https:\/\/grupoberna.info\/","logo":{"@type":"ImageObject","inLanguage":"fr-FR","@id":"https:\/\/grupoberna.info\/#\/schema\/logo\/image\/","url":"https:\/\/grupoberna.info\/wp-content\/uploads\/2021\/08\/Grupo-berna-azul.png","contentUrl":"https:\/\/grupoberna.info\/wp-content\/uploads\/2021\/08\/Grupo-berna-azul.png","width":274,"height":120,"caption":"Apartamentos tur\u00edsticos y viviendas vacacionales"},"image":{"@id":"https:\/\/grupoberna.info\/#\/schema\/logo\/image\/"},"sameAs":["https:\/\/es-es.facebook.com\/grupobernacoloniadesantjordi\/","https:\/\/www.instagram.com\/grupo_berna\/"]}]}},"_links":{"self":[{"href":"https:\/\/grupoberna.info\/fr\/wp-json\/wp\/v2\/pages\/6300","targetHints":{"allow":["GET"]}}],"collection":[{"href":"https:\/\/grupoberna.info\/fr\/wp-json\/wp\/v2\/pages"}],"about":[{"href":"https:\/\/grupoberna.info\/fr\/wp-json\/wp\/v2\/types\/page"}],"author":[{"embeddable":true,"href":"https:\/\/grupoberna.info\/fr\/wp-json\/wp\/v2\/users\/1"}],"replies":[{"embeddable":true,"href":"https:\/\/grupoberna.info\/fr\/wp-json\/wp\/v2\/comments?post=6300"}],"version-history":[{"count":5,"href":"https:\/\/grupoberna.info\/fr\/wp-json\/wp\/v2\/pages\/6300\/revisions"}],"predecessor-version":[{"id":6731,"href":"https:\/\/grupoberna.info\/fr\/wp-json\/wp\/v2\/pages\/6300\/revisions\/6731"}],"wp:featuredmedia":[{"embeddable":true,"href":"https:\/\/grupoberna.info\/fr\/wp-json\/wp\/v2\/media\/6296"}],"wp:attachment":[{"href":"https:\/\/grupoberna.info\/fr\/wp-json\/wp\/v2\/media?parent=6300"}],"curies":[{"name":"wp","href":"https:\/\/api.w.org\/{rel}","templated":true}]}}